{"id":2223,"date":"2025-07-08T09:55:06","date_gmt":"2025-07-08T09:55:06","guid":{"rendered":"https:\/\/iarp.edu.pl\/coopskills\/"},"modified":"2025-07-08T09:55:06","modified_gmt":"2025-07-08T09:55:06","slug":"coopskills","status":"publish","type":"page","link":"https:\/\/iarp.edu.pl\/uk\/coopskills\/","title":{"rendered":"CoopSkills"},"content":{"rendered":"\n<p><img loading=\"lazy\" decoding=\"async\" width=\"150\" height=\"150\" class=\"wp-image-2207\" style=\"width: 150px;\" src=\"https:\/\/iarp.edu.pl\/wp-content\/uploads\/2025\/07\/coopskills_logo.jpg\" alt=\"\" srcset=\"https:\/\/iarp.edu.pl\/wp-content\/uploads\/2025\/07\/coopskills_logo.jpg 2083w, https:\/\/iarp.edu.pl\/wp-content\/uploads\/2025\/07\/coopskills_logo-300x300.jpg 300w, https:\/\/iarp.edu.pl\/wp-content\/uploads\/2025\/07\/coopskills_logo-800x800.jpg 800w, https:\/\/iarp.edu.pl\/wp-content\/uploads\/2025\/07\/coopskills_logo-150x150.jpg 150w, https:\/\/iarp.edu.pl\/wp-content\/uploads\/2025\/07\/coopskills_logo-768x768.jpg 768w, https:\/\/iarp.edu.pl\/wp-content\/uploads\/2025\/07\/coopskills_logo-1536x1536.jpg 1536w, https:\/\/iarp.edu.pl\/wp-content\/uploads\/2025\/07\/coopskills_logo-2048x2048.jpg 2048w\" sizes=\"auto, (max-width: 150px) 100vw, 150px\" \/><strong><a href=\"https:\/\/coopskills.eu\/\">CoopSkills<\/a><\/strong> to projekt <strong>Erasmus +<\/strong> ma na celu przybli\u017cenie nauki ludziom \u2013 tam, gdzie mieszkaj\u0105 i pracuj\u0105. Wzoruj\u0105c si\u0119 na koncepcji \u201eMiast Ucz\u0105cych si\u0119\u201d UNESCO, d\u0105\u017cymy do przekszta\u0142cania lokalnych firm w \u201ePrzedsi\u0119biorstwa Ucz\u0105ce si\u0119\u201d, kt\u00f3re otwieraj\u0105 si\u0119 na inkluzyjne, ustawiczne kszta\u0142cenie.<\/p>\n\n\n\n<p>Razem z partnerami z Grecji, Hiszpanii, Cypru, itwy oraz Danii pragniemy stworzy\u0107 Reskilling Labs (laboratoria przekwalifikowuj\u0105ce) w gminach, zapewniamy przestrze\u0144 do rozwoju spo\u0142eczno\u015bci, zdobywania nowych kompetencji i korzystania z nowoczesnych technologii edukacyjnych na ka\u017cdym etapie kariery zawodowej.Dzi\u0119ki wsp\u00f3\u0142pracy z samorz\u0105dami, izbami gospodarczymi i instytucjami kszta\u0142cenia zawodowego budujemy sie\u0107, kt\u00f3ra czyni nauk\u0119 dost\u0119pn\u0105, praktyczn\u0105 i codzienn\u0105 cz\u0119\u015bci\u0105 \u017cycia.<\/p>\n","protected":false},"excerpt":{"rendered":"<p>CoopSkills to projekt Erasmus + ma na celu przybli\u017cenie nauki ludziom \u2013 tam, gdzie mieszkaj\u0105 i pracuj\u0105. Wzoruj\u0105c si\u0119 na koncepcji \u201eMiast Ucz\u0105cych si\u0119\u201d UNESCO, d\u0105\u017cymy do przekszta\u0142cania lokalnych firm w \u201ePrzedsi\u0119biorstwa Ucz\u0105ce si\u0119\u201d, kt\u00f3re otwieraj\u0105 si\u0119 na inkluzyjne, ustawiczne kszta\u0142cenie. Razem z partnerami z Grecji, Hiszpanii, Cypru, itwy oraz Danii pragniemy stworzy\u0107 Reskilling Labs [&hellip;]<\/p>\n","protected":false},"author":3,"featured_media":2199,"parent":0,"menu_order":0,"comment_status":"closed","ping_status":"closed","template":"","meta":{"_acf_changed":false,"_monsterinsights_skip_tracking":false,"_monsterinsights_sitenote_active":false,"_monsterinsights_sitenote_note":"","_monsterinsights_sitenote_category":0,"footnotes":""},"class_list":["post-2223","page","type-page","status-publish","has-post-thumbnail","hentry"],"acf":[],"yoast_head":"<!-- This site is optimized with the Yoast SEO plugin v19.13 - https:\/\/yoast.com\/wordpress\/plugins\/seo\/ -->\n<title>CoopSkills &ndash; Instytut Analiz Rynku Pracy<\/title>\n<meta name=\"robots\" content=\"index, follow, max-snippet:-1, max-image-preview:large, max-video-preview:-1\" \/>\n<link rel=\"canonical\" href=\"https:\/\/iarp.edu.pl\/uk\/coopskills\/\" \/>\n<meta property=\"og:locale\" content=\"uk_UA\" \/>\n<meta property=\"og:type\" content=\"article\" \/>\n<meta property=\"og:title\" content=\"CoopSkills &ndash; Instytut Analiz Rynku Pracy\" \/>\n<meta property=\"og:description\" content=\"CoopSkills to projekt Erasmus + ma na celu przybli\u017cenie nauki ludziom \u2013 tam, gdzie mieszkaj\u0105 i pracuj\u0105. Wzoruj\u0105c si\u0119 na koncepcji \u201eMiast Ucz\u0105cych si\u0119\u201d UNESCO, d\u0105\u017cymy do przekszta\u0142cania lokalnych firm w \u201ePrzedsi\u0119biorstwa Ucz\u0105ce si\u0119\u201d, kt\u00f3re otwieraj\u0105 si\u0119 na inkluzyjne, ustawiczne kszta\u0142cenie. Razem z partnerami z Grecji, Hiszpanii, Cypru, itwy oraz Danii pragniemy stworzy\u0107 Reskilling Labs [&hellip;]\" \/>\n<meta property=\"og:url\" content=\"https:\/\/iarp.edu.pl\/uk\/coopskills\/\" \/>\n<meta property=\"og:site_name\" content=\"Instytut Analiz Rynku Pracy\" \/>\n<meta property=\"og:image\" content=\"https:\/\/iarp.edu.pl\/wp-content\/uploads\/2025\/07\/coopskills_logo.jpg\" \/>\n<meta name=\"twitter:label1\" content=\"Est. reading time\" \/>\n\t<meta name=\"twitter:data1\" content=\"1 minute\" \/>\n<script type=\"application\/ld+json\" class=\"yoast-schema-graph\">{\"@context\":\"https:\/\/schema.org\",\"@graph\":[{\"@type\":\"WebPage\",\"@id\":\"https:\/\/iarp.edu.pl\/uk\/coopskills\/\",\"url\":\"https:\/\/iarp.edu.pl\/uk\/coopskills\/\",\"name\":\"CoopSkills &ndash; Instytut Analiz Rynku Pracy\",\"isPartOf\":{\"@id\":\"https:\/\/iarp.edu.pl\/#website\"},\"datePublished\":\"2025-07-08T09:55:06+00:00\",\"dateModified\":\"2025-07-08T09:55:06+00:00\",\"breadcrumb\":{\"@id\":\"https:\/\/iarp.edu.pl\/uk\/coopskills\/#breadcrumb\"},\"inLanguage\":\"uk-UA\",\"potentialAction\":[{\"@type\":\"ReadAction\",\"target\":[\"https:\/\/iarp.edu.pl\/uk\/coopskills\/\"]}]},{\"@type\":\"BreadcrumbList\",\"@id\":\"https:\/\/iarp.edu.pl\/uk\/coopskills\/#breadcrumb\",\"itemListElement\":[{\"@type\":\"ListItem\",\"position\":1,\"name\":\"Home\",\"item\":\"https:\/\/iarp.edu.pl\/uk\/\"},{\"@type\":\"ListItem\",\"position\":2,\"name\":\"CoopSkills\"}]},{\"@type\":\"WebSite\",\"@id\":\"https:\/\/iarp.edu.pl\/#website\",\"url\":\"https:\/\/iarp.edu.pl\/\",\"name\":\"Instytut Analiz Rynku Pracy\",\"description\":\"\",\"publisher\":{\"@id\":\"https:\/\/iarp.edu.pl\/#organization\"},\"potentialAction\":[{\"@type\":\"SearchAction\",\"target\":{\"@type\":\"EntryPoint\",\"urlTemplate\":\"https:\/\/iarp.edu.pl\/?s={search_term_string}\"},\"query-input\":\"required name=search_term_string\"}],\"inLanguage\":\"uk-UA\"},{\"@type\":\"Organization\",\"@id\":\"https:\/\/iarp.edu.pl\/#organization\",\"name\":\"Instytut Analiz Rynku Pracy\",\"url\":\"https:\/\/iarp.edu.pl\/\",\"logo\":{\"@type\":\"ImageObject\",\"inLanguage\":\"uk-UA\",\"@id\":\"https:\/\/iarp.edu.pl\/#\/schema\/logo\/image\/\",\"url\":\"https:\/\/iarp.edu.pl\/wp-content\/uploads\/2015\/03\/logo_iarp.png\",\"contentUrl\":\"https:\/\/iarp.edu.pl\/wp-content\/uploads\/2015\/03\/logo_iarp.png\",\"width\":500,\"height\":500,\"caption\":\"Instytut Analiz Rynku Pracy\"},\"image\":{\"@id\":\"https:\/\/iarp.edu.pl\/#\/schema\/logo\/image\/\"}}]}<\/script>\n<!-- \/ Yoast SEO plugin. -->","yoast_head_json":{"title":"CoopSkills &ndash; Instytut Analiz Rynku Pracy","robots":{"index":"index","follow":"follow","max-snippet":"max-snippet:-1","max-image-preview":"max-image-preview:large","max-video-preview":"max-video-preview:-1"},"canonical":"https:\/\/iarp.edu.pl\/uk\/coopskills\/","og_locale":"uk_UA","og_type":"article","og_title":"CoopSkills &ndash; Instytut Analiz Rynku Pracy","og_description":"CoopSkills to projekt Erasmus + ma na celu przybli\u017cenie nauki ludziom \u2013 tam, gdzie mieszkaj\u0105 i pracuj\u0105. Wzoruj\u0105c si\u0119 na koncepcji \u201eMiast Ucz\u0105cych si\u0119\u201d UNESCO, d\u0105\u017cymy do przekszta\u0142cania lokalnych firm w \u201ePrzedsi\u0119biorstwa Ucz\u0105ce si\u0119\u201d, kt\u00f3re otwieraj\u0105 si\u0119 na inkluzyjne, ustawiczne kszta\u0142cenie. Razem z partnerami z Grecji, Hiszpanii, Cypru, itwy oraz Danii pragniemy stworzy\u0107 Reskilling Labs [&hellip;]","og_url":"https:\/\/iarp.edu.pl\/uk\/coopskills\/","og_site_name":"Instytut Analiz Rynku Pracy","og_image":[{"url":"https:\/\/iarp.edu.pl\/wp-content\/uploads\/2025\/07\/coopskills_logo.jpg"}],"twitter_misc":{"Est. reading time":"1 minute"},"schema":{"@context":"https:\/\/schema.org","@graph":[{"@type":"WebPage","@id":"https:\/\/iarp.edu.pl\/uk\/coopskills\/","url":"https:\/\/iarp.edu.pl\/uk\/coopskills\/","name":"CoopSkills &ndash; Instytut Analiz Rynku Pracy","isPartOf":{"@id":"https:\/\/iarp.edu.pl\/#website"},"datePublished":"2025-07-08T09:55:06+00:00","dateModified":"2025-07-08T09:55:06+00:00","breadcrumb":{"@id":"https:\/\/iarp.edu.pl\/uk\/coopskills\/#breadcrumb"},"inLanguage":"uk-UA","potentialAction":[{"@type":"ReadAction","target":["https:\/\/iarp.edu.pl\/uk\/coopskills\/"]}]},{"@type":"BreadcrumbList","@id":"https:\/\/iarp.edu.pl\/uk\/coopskills\/#breadcrumb","itemListElement":[{"@type":"ListItem","position":1,"name":"Home","item":"https:\/\/iarp.edu.pl\/uk\/"},{"@type":"ListItem","position":2,"name":"CoopSkills"}]},{"@type":"WebSite","@id":"https:\/\/iarp.edu.pl\/#website","url":"https:\/\/iarp.edu.pl\/","name":"Instytut Analiz Rynku Pracy","description":"","publisher":{"@id":"https:\/\/iarp.edu.pl\/#organization"},"potentialAction":[{"@type":"SearchAction","target":{"@type":"EntryPoint","urlTemplate":"https:\/\/iarp.edu.pl\/?s={search_term_string}"},"query-input":"required name=search_term_string"}],"inLanguage":"uk-UA"},{"@type":"Organization","@id":"https:\/\/iarp.edu.pl\/#organization","name":"Instytut Analiz Rynku Pracy","url":"https:\/\/iarp.edu.pl\/","logo":{"@type":"ImageObject","inLanguage":"uk-UA","@id":"https:\/\/iarp.edu.pl\/#\/schema\/logo\/image\/","url":"https:\/\/iarp.edu.pl\/wp-content\/uploads\/2015\/03\/logo_iarp.png","contentUrl":"https:\/\/iarp.edu.pl\/wp-content\/uploads\/2015\/03\/logo_iarp.png","width":500,"height":500,"caption":"Instytut Analiz Rynku Pracy"},"image":{"@id":"https:\/\/iarp.edu.pl\/#\/schema\/logo\/image\/"}}]}},"jetpack_sharing_enabled":true,"jetpack_shortlink":"https:\/\/wp.me\/P672jZ-zR","_links":{"self":[{"href":"https:\/\/iarp.edu.pl\/uk\/wp-json\/wp\/v2\/pages\/2223\/"}],"collection":[{"href":"https:\/\/iarp.edu.pl\/uk\/wp-json\/wp\/v2\/pages\/"}],"about":[{"href":"https:\/\/iarp.edu.pl\/uk\/wp-json\/wp\/v2\/types\/page\/"}],"author":[{"embeddable":true,"href":"https:\/\/iarp.edu.pl\/uk\/wp-json\/wp\/v2\/users\/3\/"}],"replies":[{"embeddable":true,"href":"https:\/\/iarp.edu.pl\/uk\/wp-json\/wp\/v2\/comments\/?post=2223"}],"version-history":[{"count":0,"href":"https:\/\/iarp.edu.pl\/uk\/wp-json\/wp\/v2\/pages\/2223\/revisions\/"}],"wp:featuredmedia":[{"embeddable":true,"href":"https:\/\/iarp.edu.pl\/uk\/wp-json\/wp\/v2\/media\/2199\/"}],"wp:attachment":[{"href":"https:\/\/iarp.edu.pl\/uk\/wp-json\/wp\/v2\/media\/?parent=2223"}],"curies":[{"name":"wp","href":"https:\/\/api.w.org\/{rel}","templated":true}]}}