{"id":996,"date":"2015-07-01T10:00:36","date_gmt":"2015-07-01T10:00:36","guid":{"rendered":"http:\/\/iarp.edu.pl\/?page_id=996"},"modified":"2015-07-09T14:25:41","modified_gmt":"2015-07-09T14:25:41","slug":"references","status":"publish","type":"page","link":"https:\/\/iarp.edu.pl\/en\/references\/","title":{"rendered":"References"},"content":{"rendered":"<table style=\"height: 2033px;\" width=\"750\" cellspacing=\"20\">\n<tbody>\n<tr>\n<td style=\"text-align: center;\"><div id=\"attachment_792\" class=\"thumbnail aligncenter\"><a href=\"http:\/\/iarp.edu.pl\/wp-content\/uploads\/2015\/04\/pup-bochnia.png\" rel=\"lightbox[996]\"><img loading=\"lazy\" decoding=\"async\" class=\"wp-image-792 size-thumbnail\" src=\"http:\/\/iarp.edu.pl\/wp-content\/uploads\/2015\/04\/pup-bochnia-150x150.png\" alt=\"\" width=\"150\" height=\"150\" \/><\/a><div class=\"caption\">Powiatowy Urz\u0105d Pracy Bochnia<\/div><\/div><\/td>\n<td style=\"text-align: center;\"><div id=\"attachment_771\" class=\"thumbnail aligncenter\"><a href=\"http:\/\/iarp.edu.pl\/wp-content\/uploads\/2015\/05\/pup-brzesko.jpg\" rel=\"lightbox[996]\"><img loading=\"lazy\" decoding=\"async\" class=\"size-thumbnail wp-image-771\" src=\"http:\/\/iarp.edu.pl\/wp-content\/uploads\/2015\/05\/pup-brzesko-150x150.jpg\" alt=\"Powiatowy Urz\u0105d Pracy Brzesko\" width=\"150\" height=\"150\" \/><\/a><div class=\"caption\">Powiatowy Urz\u0105d Pracy Brzesko<\/div><\/div><\/td>\n<\/tr>\n<tr>\n<td style=\"text-align: center;\"><div id=\"attachment_784\" class=\"thumbnail aligncenter\"><a href=\"http:\/\/iarp.edu.pl\/wp-content\/uploads\/2015\/05\/pup-bydgoszcz.png\" rel=\"lightbox[996]\"><img loading=\"lazy\" decoding=\"async\" class=\"size-thumbnail wp-image-784\" src=\"http:\/\/iarp.edu.pl\/wp-content\/uploads\/2015\/05\/pup-bydgoszcz-150x150.png\" alt=\"Powiatowy Urz\u0105d Pracy Bydgoszcz\" width=\"150\" height=\"150\" \/><\/a><div class=\"caption\">Powiatowy Urz\u0105d Pracy Bydgoszcz<\/div><\/div><\/td>\n<td style=\"text-align: center;\"><div id=\"attachment_772\" class=\"thumbnail aligncenter\"><a href=\"http:\/\/iarp.edu.pl\/wp-content\/uploads\/2015\/05\/pup-gdynia.jpg\" rel=\"lightbox[996]\"><img loading=\"lazy\" decoding=\"async\" class=\"size-thumbnail wp-image-772\" src=\"http:\/\/iarp.edu.pl\/wp-content\/uploads\/2015\/05\/pup-gdynia-150x150.jpg\" alt=\"Powiatowy Urz\u0105d Pracy Gdynia\" width=\"150\" height=\"150\" \/><\/a><div class=\"caption\">Powiatowy Urz\u0105d Pracy Gdynia<\/div><\/div><\/td>\n<\/tr>\n<tr>\n<td style=\"text-align: center;\"><div id=\"attachment_773\" class=\"thumbnail aligncenter\"><a href=\"http:\/\/iarp.edu.pl\/wp-content\/uploads\/2015\/05\/pup-kolno.jpg\" rel=\"lightbox[996]\"><img loading=\"lazy\" decoding=\"async\" class=\"size-thumbnail wp-image-773\" src=\"http:\/\/iarp.edu.pl\/wp-content\/uploads\/2015\/05\/pup-kolno-150x150.jpg\" alt=\"Powiatowy Urz\u0105d Pracy Kolno\" width=\"150\" height=\"150\" \/><\/a><div class=\"caption\">Powiatowy Urz\u0105d Pracy Kolno<\/div><\/div><\/td>\n<td style=\"text-align: center;\"><div id=\"attachment_774\" class=\"thumbnail aligncenter\"><a href=\"http:\/\/iarp.edu.pl\/wp-content\/uploads\/2015\/05\/pup-konin.jpg\" rel=\"lightbox[996]\"><img loading=\"lazy\" decoding=\"async\" class=\"size-thumbnail wp-image-774\" src=\"http:\/\/iarp.edu.pl\/wp-content\/uploads\/2015\/05\/pup-konin-150x150.jpg\" alt=\"Powiatowy Urz\u0105d Pracy Konin\" width=\"150\" height=\"150\" \/><\/a><div class=\"caption\">Powiatowy Urz\u0105d Pracy Konin<\/div><\/div><\/td>\n<\/tr>\n<tr>\n<td style=\"text-align: center;\"><div id=\"attachment_793\" class=\"thumbnail aligncenter\"><a href=\"http:\/\/iarp.edu.pl\/wp-content\/uploads\/2015\/04\/pup-miedzychod.png\" rel=\"lightbox[996]\"><img loading=\"lazy\" decoding=\"async\" class=\"wp-image-793 size-thumbnail\" src=\"http:\/\/iarp.edu.pl\/wp-content\/uploads\/2015\/04\/pup-miedzychod-150x150.png\" alt=\"\" width=\"150\" height=\"150\" \/><\/a><div class=\"caption\">Powiatowy Urz\u0105d Pracy Mi\u0119dzych\u00f3d<\/div><\/div><\/td>\n<td style=\"text-align: center;\"><div id=\"attachment_776\" class=\"thumbnail aligncenter\"><a href=\"http:\/\/iarp.edu.pl\/wp-content\/uploads\/2015\/05\/pup-piaseczno.jpg\" rel=\"lightbox[996]\"><img loading=\"lazy\" decoding=\"async\" class=\"size-thumbnail wp-image-776\" src=\"http:\/\/iarp.edu.pl\/wp-content\/uploads\/2015\/05\/pup-piaseczno-150x150.jpg\" alt=\"Powiatowy Urz\u0105d Pracy Piaseczno\" width=\"150\" height=\"150\" \/><\/a><div class=\"caption\">Powiatowy Urz\u0105d Pracy Piaseczno<\/div><\/div><\/td>\n<\/tr>\n<tr>\n<td style=\"text-align: center;\"><div id=\"attachment_794\" class=\"thumbnail aligncenter\"><a href=\"http:\/\/iarp.edu.pl\/wp-content\/uploads\/2015\/04\/pup-sejny.png\" rel=\"lightbox[996]\"><img loading=\"lazy\" decoding=\"async\" class=\"wp-image-794 size-thumbnail\" src=\"http:\/\/iarp.edu.pl\/wp-content\/uploads\/2015\/04\/pup-sejny-150x150.png\" alt=\"\" width=\"150\" height=\"150\" \/><\/a><div class=\"caption\">Powiatowy Urz\u0105d Pracy Sejny<\/div><\/div><\/td>\n<td style=\"text-align: center;\"><div id=\"attachment_785\" class=\"thumbnail aligncenter\"><a href=\"http:\/\/iarp.edu.pl\/wp-content\/uploads\/2015\/05\/pup-stalowa-wola.png\" rel=\"lightbox[996]\"><img loading=\"lazy\" decoding=\"async\" class=\"size-thumbnail wp-image-785\" src=\"http:\/\/iarp.edu.pl\/wp-content\/uploads\/2015\/05\/pup-stalowa-wola-150x150.png\" alt=\"Powiatowy Urz\u0105d Pracy Stalowa Wola\" width=\"150\" height=\"150\" \/><\/a><div class=\"caption\">Powiatowy Urz\u0105d Pracy Stalowa Wola<\/div><\/div><\/td>\n<\/tr>\n<tr>\n<td style=\"text-align: center;\"><div id=\"attachment_778\" class=\"thumbnail aligncenter\"><a href=\"http:\/\/iarp.edu.pl\/wp-content\/uploads\/2015\/05\/pup-zabrze.jpg\" rel=\"lightbox[996]\"><img loading=\"lazy\" decoding=\"async\" class=\"size-thumbnail wp-image-778\" src=\"http:\/\/iarp.edu.pl\/wp-content\/uploads\/2015\/05\/pup-zabrze-150x150.jpg\" alt=\"Powiatowy Urz\u0105d Pracy Zabrze\" width=\"150\" height=\"150\" \/><\/a><div class=\"caption\">Powiatowy Urz\u0105d Pracy Zabrze<\/div><\/div><\/td>\n<td style=\"text-align: center;\"><div id=\"attachment_779\" class=\"thumbnail aligncenter\"><a href=\"http:\/\/iarp.edu.pl\/wp-content\/uploads\/2015\/05\/pup-zamosc.jpg\" rel=\"lightbox[996]\"><img loading=\"lazy\" decoding=\"async\" class=\"size-thumbnail wp-image-779\" src=\"http:\/\/iarp.edu.pl\/wp-content\/uploads\/2015\/05\/pup-zamosc-150x150.jpg\" alt=\"Powiatowy Urz\u0105d Pracy Zamo\u015b\u0107\" width=\"150\" height=\"150\" \/><\/a><div class=\"caption\">Powiatowy Urz\u0105d Pracy Zamo\u015b\u0107<\/div><\/div><\/td>\n<\/tr>\n<tr>\n<td style=\"text-align: center;\"><div id=\"attachment_780\" class=\"thumbnail aligncenter\"><a href=\"http:\/\/iarp.edu.pl\/wp-content\/uploads\/2015\/05\/wup-bialystok.jpg\" rel=\"lightbox[996]\"><img loading=\"lazy\" decoding=\"async\" class=\"size-thumbnail wp-image-780\" src=\"http:\/\/iarp.edu.pl\/wp-content\/uploads\/2015\/05\/wup-bialystok-150x150.jpg\" alt=\"Wojew\u00f3dzki Urz\u0105d Pracy Bia\u0142ystok\" width=\"150\" height=\"150\" \/><\/a><div class=\"caption\">Wojew\u00f3dzki Urz\u0105d Pracy Bia\u0142ystok<\/div><\/div><\/td>\n<td style=\"text-align: center;\"><div id=\"attachment_797\" class=\"thumbnail aligncenter\"><a href=\"http:\/\/iarp.edu.pl\/wp-content\/uploads\/2015\/04\/wup-gdansk.png\" rel=\"lightbox[996]\"><img loading=\"lazy\" decoding=\"async\" class=\"wp-image-797 size-thumbnail\" src=\"http:\/\/iarp.edu.pl\/wp-content\/uploads\/2015\/04\/wup-gdansk-150x150.png\" alt=\"\" width=\"150\" height=\"150\" \/><\/a><div class=\"caption\">Wojew\u00f3dzki Urz\u0105d Pracy Gda\u0144sk<\/div><\/div><\/td>\n<\/tr>\n<tr>\n<td style=\"text-align: center;\"><div id=\"attachment_798\" class=\"thumbnail aligncenter\"><a href=\"http:\/\/iarp.edu.pl\/wp-content\/uploads\/2015\/04\/wup-poznan.png\" rel=\"lightbox[996]\"><img loading=\"lazy\" decoding=\"async\" class=\"wp-image-798 size-thumbnail\" src=\"http:\/\/iarp.edu.pl\/wp-content\/uploads\/2015\/04\/wup-poznan-150x150.png\" alt=\"\" width=\"150\" height=\"150\" \/><\/a><div class=\"caption\">Wojew\u00f3dzki Urz\u0105d Pracy Pozna\u0144<\/div><\/div><\/td>\n<td style=\"text-align: center;\"><div id=\"attachment_786\" class=\"thumbnail aligncenter\"><a href=\"http:\/\/iarp.edu.pl\/wp-content\/uploads\/2015\/05\/wup-torun.png\" rel=\"lightbox[996]\"><img loading=\"lazy\" decoding=\"async\" class=\"size-thumbnail wp-image-786\" src=\"http:\/\/iarp.edu.pl\/wp-content\/uploads\/2015\/05\/wup-torun-150x150.png\" alt=\"Wojew\u00f3dzki Urz\u0105d Pracy Toru\u0144\" width=\"150\" height=\"150\" \/><\/a><div class=\"caption\">Wojew\u00f3dzki Urz\u0105d Pracy Toru\u0144<\/div><\/div><\/td>\n<\/tr>\n<tr>\n<td style=\"text-align: center;\"><div id=\"attachment_783\" class=\"thumbnail aligncenter\"><a href=\"http:\/\/iarp.edu.pl\/wp-content\/uploads\/2015\/05\/akad-leona-kozminskiego.png\" rel=\"lightbox[996]\"><img loading=\"lazy\" decoding=\"async\" class=\"size-thumbnail wp-image-783\" src=\"http:\/\/iarp.edu.pl\/wp-content\/uploads\/2015\/05\/akad-leona-kozminskiego-150x150.png\" alt=\"Akademia Leona Ko\u017ami\u0144skiego\" width=\"150\" height=\"150\" \/><\/a><div class=\"caption\">Akademia Leona Ko\u017ami\u0144skiego<\/div><\/div><\/td>\n<td style=\"text-align: center;\">\u00a0<\/td>\n<\/tr>\n<\/tbody>\n<\/table>\n","protected":false},"excerpt":{"rendered":"<p>\u00a0<\/p>\n","protected":false},"author":2,"featured_media":0,"parent":0,"menu_order":0,"comment_status":"closed","ping_status":"closed","template":"","meta":{"_acf_changed":false,"_monsterinsights_skip_tracking":false,"_monsterinsights_sitenote_active":false,"_monsterinsights_sitenote_note":"","_monsterinsights_sitenote_category":0,"footnotes":""},"class_list":["post-996","page","type-page","status-publish","hentry"],"acf":[],"yoast_head":"<!-- This site is optimized with the Yoast SEO plugin v19.13 - https:\/\/yoast.com\/wordpress\/plugins\/seo\/ -->\n<title>References &ndash; Instytut Analiz Rynku Pracy<\/title>\n<meta name=\"robots\" content=\"index, follow, max-snippet:-1, max-image-preview:large, max-video-preview:-1\" \/>\n<link rel=\"canonical\" href=\"https:\/\/iarp.edu.pl\/en\/references\/\" \/>\n<meta property=\"og:locale\" content=\"en_US\" \/>\n<meta property=\"og:type\" content=\"article\" \/>\n<meta property=\"og:title\" content=\"References &ndash; Instytut Analiz Rynku Pracy\" \/>\n<meta property=\"og:description\" content=\"\u00a0\" \/>\n<meta property=\"og:url\" content=\"https:\/\/iarp.edu.pl\/en\/references\/\" \/>\n<meta property=\"og:site_name\" content=\"Instytut Analiz Rynku Pracy\" \/>\n<meta property=\"article:modified_time\" content=\"2015-07-09T14:25:41+00:00\" \/>\n<meta property=\"og:image\" content=\"http:\/\/iarp.edu.pl\/wp-content\/uploads\/2015\/04\/pup-bochnia-150x150.png\" \/>\n<meta name=\"twitter:label1\" content=\"Est. reading time\" \/>\n\t<meta name=\"twitter:data1\" content=\"1 minute\" \/>\n<script type=\"application\/ld+json\" class=\"yoast-schema-graph\">{\"@context\":\"https:\/\/schema.org\",\"@graph\":[{\"@type\":\"WebPage\",\"@id\":\"https:\/\/iarp.edu.pl\/en\/references\/\",\"url\":\"https:\/\/iarp.edu.pl\/en\/references\/\",\"name\":\"References &ndash; Instytut Analiz Rynku Pracy\",\"isPartOf\":{\"@id\":\"https:\/\/iarp.edu.pl\/#website\"},\"datePublished\":\"2015-07-01T10:00:36+00:00\",\"dateModified\":\"2015-07-09T14:25:41+00:00\",\"breadcrumb\":{\"@id\":\"https:\/\/iarp.edu.pl\/en\/references\/#breadcrumb\"},\"inLanguage\":\"en-US\",\"potentialAction\":[{\"@type\":\"ReadAction\",\"target\":[\"https:\/\/iarp.edu.pl\/en\/references\/\"]}]},{\"@type\":\"BreadcrumbList\",\"@id\":\"https:\/\/iarp.edu.pl\/en\/references\/#breadcrumb\",\"itemListElement\":[{\"@type\":\"ListItem\",\"position\":1,\"name\":\"Home\",\"item\":\"https:\/\/iarp.edu.pl\/en\/\"},{\"@type\":\"ListItem\",\"position\":2,\"name\":\"References\"}]},{\"@type\":\"WebSite\",\"@id\":\"https:\/\/iarp.edu.pl\/#website\",\"url\":\"https:\/\/iarp.edu.pl\/\",\"name\":\"Instytut Analiz Rynku Pracy\",\"description\":\"\",\"publisher\":{\"@id\":\"https:\/\/iarp.edu.pl\/#organization\"},\"potentialAction\":[{\"@type\":\"SearchAction\",\"target\":{\"@type\":\"EntryPoint\",\"urlTemplate\":\"https:\/\/iarp.edu.pl\/?s={search_term_string}\"},\"query-input\":\"required name=search_term_string\"}],\"inLanguage\":\"en-US\"},{\"@type\":\"Organization\",\"@id\":\"https:\/\/iarp.edu.pl\/#organization\",\"name\":\"Instytut Analiz Rynku Pracy\",\"url\":\"https:\/\/iarp.edu.pl\/\",\"logo\":{\"@type\":\"ImageObject\",\"inLanguage\":\"en-US\",\"@id\":\"https:\/\/iarp.edu.pl\/#\/schema\/logo\/image\/\",\"url\":\"https:\/\/iarp.edu.pl\/wp-content\/uploads\/2015\/03\/logo_iarp.png\",\"contentUrl\":\"https:\/\/iarp.edu.pl\/wp-content\/uploads\/2015\/03\/logo_iarp.png\",\"width\":500,\"height\":500,\"caption\":\"Instytut Analiz Rynku Pracy\"},\"image\":{\"@id\":\"https:\/\/iarp.edu.pl\/#\/schema\/logo\/image\/\"}}]}<\/script>\n<!-- \/ Yoast SEO plugin. -->","yoast_head_json":{"title":"References &ndash; Instytut Analiz Rynku Pracy","robots":{"index":"index","follow":"follow","max-snippet":"max-snippet:-1","max-image-preview":"max-image-preview:large","max-video-preview":"max-video-preview:-1"},"canonical":"https:\/\/iarp.edu.pl\/en\/references\/","og_locale":"en_US","og_type":"article","og_title":"References &ndash; Instytut Analiz Rynku Pracy","og_description":"\u00a0","og_url":"https:\/\/iarp.edu.pl\/en\/references\/","og_site_name":"Instytut Analiz Rynku Pracy","article_modified_time":"2015-07-09T14:25:41+00:00","og_image":[{"url":"http:\/\/iarp.edu.pl\/wp-content\/uploads\/2015\/04\/pup-bochnia-150x150.png"}],"twitter_misc":{"Est. reading time":"1 minute"},"schema":{"@context":"https:\/\/schema.org","@graph":[{"@type":"WebPage","@id":"https:\/\/iarp.edu.pl\/en\/references\/","url":"https:\/\/iarp.edu.pl\/en\/references\/","name":"References &ndash; Instytut Analiz Rynku Pracy","isPartOf":{"@id":"https:\/\/iarp.edu.pl\/#website"},"datePublished":"2015-07-01T10:00:36+00:00","dateModified":"2015-07-09T14:25:41+00:00","breadcrumb":{"@id":"https:\/\/iarp.edu.pl\/en\/references\/#breadcrumb"},"inLanguage":"en-US","potentialAction":[{"@type":"ReadAction","target":["https:\/\/iarp.edu.pl\/en\/references\/"]}]},{"@type":"BreadcrumbList","@id":"https:\/\/iarp.edu.pl\/en\/references\/#breadcrumb","itemListElement":[{"@type":"ListItem","position":1,"name":"Home","item":"https:\/\/iarp.edu.pl\/en\/"},{"@type":"ListItem","position":2,"name":"References"}]},{"@type":"WebSite","@id":"https:\/\/iarp.edu.pl\/#website","url":"https:\/\/iarp.edu.pl\/","name":"Instytut Analiz Rynku Pracy","description":"","publisher":{"@id":"https:\/\/iarp.edu.pl\/#organization"},"potentialAction":[{"@type":"SearchAction","target":{"@type":"EntryPoint","urlTemplate":"https:\/\/iarp.edu.pl\/?s={search_term_string}"},"query-input":"required name=search_term_string"}],"inLanguage":"en-US"},{"@type":"Organization","@id":"https:\/\/iarp.edu.pl\/#organization","name":"Instytut Analiz Rynku Pracy","url":"https:\/\/iarp.edu.pl\/","logo":{"@type":"ImageObject","inLanguage":"en-US","@id":"https:\/\/iarp.edu.pl\/#\/schema\/logo\/image\/","url":"https:\/\/iarp.edu.pl\/wp-content\/uploads\/2015\/03\/logo_iarp.png","contentUrl":"https:\/\/iarp.edu.pl\/wp-content\/uploads\/2015\/03\/logo_iarp.png","width":500,"height":500,"caption":"Instytut Analiz Rynku Pracy"},"image":{"@id":"https:\/\/iarp.edu.pl\/#\/schema\/logo\/image\/"}}]}},"jetpack_sharing_enabled":true,"jetpack_shortlink":"https:\/\/wp.me\/P672jZ-g4","_links":{"self":[{"href":"https:\/\/iarp.edu.pl\/en\/wp-json\/wp\/v2\/pages\/996\/"}],"collection":[{"href":"https:\/\/iarp.edu.pl\/en\/wp-json\/wp\/v2\/pages\/"}],"about":[{"href":"https:\/\/iarp.edu.pl\/en\/wp-json\/wp\/v2\/types\/page\/"}],"author":[{"embeddable":true,"href":"https:\/\/iarp.edu.pl\/en\/wp-json\/wp\/v2\/users\/2\/"}],"replies":[{"embeddable":true,"href":"https:\/\/iarp.edu.pl\/en\/wp-json\/wp\/v2\/comments\/?post=996"}],"version-history":[{"count":2,"href":"https:\/\/iarp.edu.pl\/en\/wp-json\/wp\/v2\/pages\/996\/revisions\/"}],"predecessor-version":[{"id":998,"href":"https:\/\/iarp.edu.pl\/en\/wp-json\/wp\/v2\/pages\/996\/revisions\/998\/"}],"wp:attachment":[{"href":"https:\/\/iarp.edu.pl\/en\/wp-json\/wp\/v2\/media\/?parent=996"}],"curies":[{"name":"wp","href":"https:\/\/api.w.org\/{rel}","templated":true}]}}