{"id":928,"date":"2015-07-09T00:20:53","date_gmt":"2015-07-09T00:20:53","guid":{"rendered":"http:\/\/iarp.edu.pl\/?page_id=928"},"modified":"2015-07-18T09:43:46","modified_gmt":"2015-07-18T09:43:46","slug":"site-map","status":"publish","type":"page","link":"https:\/\/iarp.edu.pl\/en\/site-map\/","title":{"rendered":"Site Map"},"content":{"rendered":"<p><a href=\"http:\/\/iarp.edu.pl\/en\/category\/news\/\"><strong>News<\/strong><\/a><\/p>\n<p><a href=\"http:\/\/iarp.edu.pl\/en\/about-us\/\"><strong>About Us<\/strong><\/a><\/p>\n<ul>\n<li><a title=\"O\u00a0nas\" href=\"http:\/\/iarp.edu.pl\/en\/about-us\/\">About Us<\/a><\/li>\n<li><a title=\"Kodeks Jako\u015bci\" href=\"http:\/\/iarp.edu.pl\/en\/quality-code\/\">Quality Code<\/a><\/li>\n<li><a title=\"Zarz\u0105d\" href=\"http:\/\/iarp.edu.pl\/en\/the-board\/\">The Board<\/a><\/li>\n<li><a href=\"http:\/\/iarp.edu.pl\/en\/company-details\/\">Company details<\/a><\/li>\n<\/ul>\n<p><a href=\"http:\/\/iarp.edu.pl\/en\/what-we-do\/\"><strong>What we do<\/strong><\/a><\/p>\n<ul>\n<li><a title=\"Dzia\u0142alno\u015b\u0107\" href=\"http:\/\/iarp.edu.pl\/en\/what-we-do\/\">What we do<\/a><\/li>\n<li><a href=\"http:\/\/iarp.edu.pl\/en\/clients\/\">Clients<\/a><\/li>\n<\/ul>\n<p><a href=\"http:\/\/iarp.edu.pl\/en\/ekspert\"><strong>Experts<\/strong><\/a><\/p>\n<ul>\n<li><a href=\"http:\/\/iarp.edu.pl\/en\/ekspert\/lukasz-sienkiewicz\/\">\u0141ukasz Sienkiewicz<\/a><\/li>\n<li><a href=\"http:\/\/iarp.edu.pl\/en\/ekspert\/marcin-budzewski\/\">Marcin Budzewski<\/a><\/li>\n<li><a href=\"http:\/\/iarp.edu.pl\/en\/ekspert\/beata-mazurek-kucharska\/\">Beata Mazurek-Kucharska<\/a><\/li>\n<li><a href=\"http:\/\/iarp.edu.pl\/en\/ekspert\/anna-jawor-joniewicz\/\">Anna Jawor-Joniewicz<\/a><\/li>\n<li><a href=\"http:\/\/iarp.edu.pl\/en\/ekspert\/maciej-gruza\/\">Maciej Gruza<\/a><\/li>\n<li><a href=\"http:\/\/iarp.edu.pl\/en\/ekspert\/aleksandra-duda\/\">Aleksandra Duda<\/a><\/li>\n<li><a href=\"http:\/\/iarp.edu.pl\/en\/ekspert\/halina-sobocka-szczapa\/\">Halina Sobocka-Szczapa<\/a><\/li>\n<li><a title=\"Paulina Szczepaniak\" href=\"http:\/\/iarp.edu.pl\/en\/ekspert\/paulina-szczepaniak\/\">Paulina Szczepaniak<\/a><\/li>\n<li><a href=\"http:\/\/iarp.edu.pl\/en\/ekspert\/lukasz-widla-domaradzki\/\">\u0141ukasz Wid\u0142a-Domaradzki<\/a><\/li>\n<li><a href=\"http:\/\/iarp.edu.pl\/en\/ekspert\/joanna-miroslaw\/\">Joanna Miros\u0142aw<\/a><\/li>\n<\/ul>\n<p><a href=\"http:\/\/iarp.edu.pl\/obszar\/\"><strong>Areas of Expertise<\/strong><\/a><\/p>\n<ul>\n<li><a href=\"http:\/\/iarp.edu.pl\/obszar\/equality-and-diversity\/\">Equality and Diversity<\/a><\/li>\n<li><a href=\"http:\/\/iarp.edu.pl\/obszar\/advisory-and-social-inclusion\/\">Advisory and Social Inclusion<\/a><\/li>\n<li><a href=\"http:\/\/iarp.edu.pl\/obszar\/qualifications-and-vocational-education\/\">Qualifications and Vocational Education<\/a><\/li>\n<li><a href=\"http:\/\/iarp.edu.pl\/obszar\/education-and-lifelong-learning\/\">Education and Lifelong Learning<\/a><\/li>\n<li><a href=\"http:\/\/iarp.edu.pl\/obszar\/evaluation-of-public-policies\/\">Evaluation of Public Policies<\/a><\/li>\n<li><a href=\"http:\/\/iarp.edu.pl\/obszar\/human-capital-and-skills\/\">Human Capital and Skills<\/a><\/li>\n<\/ul>\n<p><a href=\"http:\/\/iarp.edu.pl\/en\/projects\/\"><strong>Projects<\/strong><\/a><\/p>\n<p><a href=\"http:\/\/iarp.edu.pl\/en\/category\/training\/\"><strong>Training Offer<\/strong><\/a><\/p>\n<p><a href=\"http:\/\/iarp.edu.pl\/en\/category\/publications\/\"><strong>Publications<\/strong><\/a><\/p>\n<p><strong><a href=\"http:\/\/iarp.edu.pl\/en\/iarp-privacy-policy\/\">IARP Privacy Policy<\/a><\/strong><\/p>\n<p><a href=\"http:\/\/iarp.edu.pl\/en\/contact-us\/\"><strong>Contact Us<\/strong><\/a><\/p>\n","protected":false},"excerpt":{"rendered":"<p>News About Us About Us Quality Code The Board Company details What we do What we do Clients Experts \u0141ukasz Sienkiewicz Marcin Budzewski Beata Mazurek-Kucharska Anna Jawor-Joniewicz Maciej Gruza Aleksandra Duda Halina Sobocka-Szczapa Paulina Szczepaniak \u0141ukasz Wid\u0142a-Domaradzki Joanna Miros\u0142aw Areas of Expertise Equality and Diversity Advisory and Social Inclusion Qualifications and Vocational Education Education and [&hellip;]<\/p>\n","protected":false},"author":2,"featured_media":0,"parent":0,"menu_order":0,"comment_status":"closed","ping_status":"closed","template":"","meta":{"_acf_changed":false,"_monsterinsights_skip_tracking":false,"_monsterinsights_sitenote_active":false,"_monsterinsights_sitenote_note":"","_monsterinsights_sitenote_category":0,"footnotes":""},"class_list":["post-928","page","type-page","status-publish","hentry"],"acf":[],"yoast_head":"<!-- This site is optimized with the Yoast SEO plugin v19.13 - https:\/\/yoast.com\/wordpress\/plugins\/seo\/ -->\n<title>Site Map &ndash; Instytut Analiz Rynku Pracy<\/title>\n<meta name=\"robots\" content=\"index, follow, max-snippet:-1, max-image-preview:large, max-video-preview:-1\" \/>\n<link rel=\"canonical\" href=\"https:\/\/iarp.edu.pl\/en\/site-map\/\" \/>\n<meta property=\"og:locale\" content=\"en_US\" \/>\n<meta property=\"og:type\" content=\"article\" \/>\n<meta property=\"og:title\" content=\"Site Map &ndash; Instytut Analiz Rynku Pracy\" \/>\n<meta property=\"og:description\" content=\"News About Us About Us Quality Code The Board Company details What we do What we do Clients Experts \u0141ukasz Sienkiewicz Marcin Budzewski Beata Mazurek-Kucharska Anna Jawor-Joniewicz Maciej Gruza Aleksandra Duda Halina Sobocka-Szczapa Paulina Szczepaniak \u0141ukasz Wid\u0142a-Domaradzki Joanna Miros\u0142aw Areas of Expertise Equality and Diversity Advisory and Social Inclusion Qualifications and Vocational Education Education and [&hellip;]\" \/>\n<meta property=\"og:url\" content=\"https:\/\/iarp.edu.pl\/en\/site-map\/\" \/>\n<meta property=\"og:site_name\" content=\"Instytut Analiz Rynku Pracy\" \/>\n<meta property=\"article:modified_time\" content=\"2015-07-18T09:43:46+00:00\" \/>\n<script type=\"application\/ld+json\" class=\"yoast-schema-graph\">{\"@context\":\"https:\/\/schema.org\",\"@graph\":[{\"@type\":\"WebPage\",\"@id\":\"https:\/\/iarp.edu.pl\/en\/site-map\/\",\"url\":\"https:\/\/iarp.edu.pl\/en\/site-map\/\",\"name\":\"Site Map &ndash; Instytut Analiz Rynku Pracy\",\"isPartOf\":{\"@id\":\"https:\/\/iarp.edu.pl\/#website\"},\"datePublished\":\"2015-07-09T00:20:53+00:00\",\"dateModified\":\"2015-07-18T09:43:46+00:00\",\"breadcrumb\":{\"@id\":\"https:\/\/iarp.edu.pl\/en\/site-map\/#breadcrumb\"},\"inLanguage\":\"en-US\",\"potentialAction\":[{\"@type\":\"ReadAction\",\"target\":[\"https:\/\/iarp.edu.pl\/en\/site-map\/\"]}]},{\"@type\":\"BreadcrumbList\",\"@id\":\"https:\/\/iarp.edu.pl\/en\/site-map\/#breadcrumb\",\"itemListElement\":[{\"@type\":\"ListItem\",\"position\":1,\"name\":\"Home\",\"item\":\"https:\/\/iarp.edu.pl\/en\/\"},{\"@type\":\"ListItem\",\"position\":2,\"name\":\"Site Map\"}]},{\"@type\":\"WebSite\",\"@id\":\"https:\/\/iarp.edu.pl\/#website\",\"url\":\"https:\/\/iarp.edu.pl\/\",\"name\":\"Instytut Analiz Rynku Pracy\",\"description\":\"\",\"publisher\":{\"@id\":\"https:\/\/iarp.edu.pl\/#organization\"},\"potentialAction\":[{\"@type\":\"SearchAction\",\"target\":{\"@type\":\"EntryPoint\",\"urlTemplate\":\"https:\/\/iarp.edu.pl\/?s={search_term_string}\"},\"query-input\":\"required name=search_term_string\"}],\"inLanguage\":\"en-US\"},{\"@type\":\"Organization\",\"@id\":\"https:\/\/iarp.edu.pl\/#organization\",\"name\":\"Instytut Analiz Rynku Pracy\",\"url\":\"https:\/\/iarp.edu.pl\/\",\"logo\":{\"@type\":\"ImageObject\",\"inLanguage\":\"en-US\",\"@id\":\"https:\/\/iarp.edu.pl\/#\/schema\/logo\/image\/\",\"url\":\"https:\/\/iarp.edu.pl\/wp-content\/uploads\/2015\/03\/logo_iarp.png\",\"contentUrl\":\"https:\/\/iarp.edu.pl\/wp-content\/uploads\/2015\/03\/logo_iarp.png\",\"width\":500,\"height\":500,\"caption\":\"Instytut Analiz Rynku Pracy\"},\"image\":{\"@id\":\"https:\/\/iarp.edu.pl\/#\/schema\/logo\/image\/\"}}]}<\/script>\n<!-- \/ Yoast SEO plugin. -->","yoast_head_json":{"title":"Site Map &ndash; Instytut Analiz Rynku Pracy","robots":{"index":"index","follow":"follow","max-snippet":"max-snippet:-1","max-image-preview":"max-image-preview:large","max-video-preview":"max-video-preview:-1"},"canonical":"https:\/\/iarp.edu.pl\/en\/site-map\/","og_locale":"en_US","og_type":"article","og_title":"Site Map &ndash; Instytut Analiz Rynku Pracy","og_description":"News About Us About Us Quality Code The Board Company details What we do What we do Clients Experts \u0141ukasz Sienkiewicz Marcin Budzewski Beata Mazurek-Kucharska Anna Jawor-Joniewicz Maciej Gruza Aleksandra Duda Halina Sobocka-Szczapa Paulina Szczepaniak \u0141ukasz Wid\u0142a-Domaradzki Joanna Miros\u0142aw Areas of Expertise Equality and Diversity Advisory and Social Inclusion Qualifications and Vocational Education Education and [&hellip;]","og_url":"https:\/\/iarp.edu.pl\/en\/site-map\/","og_site_name":"Instytut Analiz Rynku Pracy","article_modified_time":"2015-07-18T09:43:46+00:00","schema":{"@context":"https:\/\/schema.org","@graph":[{"@type":"WebPage","@id":"https:\/\/iarp.edu.pl\/en\/site-map\/","url":"https:\/\/iarp.edu.pl\/en\/site-map\/","name":"Site Map &ndash; Instytut Analiz Rynku Pracy","isPartOf":{"@id":"https:\/\/iarp.edu.pl\/#website"},"datePublished":"2015-07-09T00:20:53+00:00","dateModified":"2015-07-18T09:43:46+00:00","breadcrumb":{"@id":"https:\/\/iarp.edu.pl\/en\/site-map\/#breadcrumb"},"inLanguage":"en-US","potentialAction":[{"@type":"ReadAction","target":["https:\/\/iarp.edu.pl\/en\/site-map\/"]}]},{"@type":"BreadcrumbList","@id":"https:\/\/iarp.edu.pl\/en\/site-map\/#breadcrumb","itemListElement":[{"@type":"ListItem","position":1,"name":"Home","item":"https:\/\/iarp.edu.pl\/en\/"},{"@type":"ListItem","position":2,"name":"Site Map"}]},{"@type":"WebSite","@id":"https:\/\/iarp.edu.pl\/#website","url":"https:\/\/iarp.edu.pl\/","name":"Instytut Analiz Rynku Pracy","description":"","publisher":{"@id":"https:\/\/iarp.edu.pl\/#organization"},"potentialAction":[{"@type":"SearchAction","target":{"@type":"EntryPoint","urlTemplate":"https:\/\/iarp.edu.pl\/?s={search_term_string}"},"query-input":"required name=search_term_string"}],"inLanguage":"en-US"},{"@type":"Organization","@id":"https:\/\/iarp.edu.pl\/#organization","name":"Instytut Analiz Rynku Pracy","url":"https:\/\/iarp.edu.pl\/","logo":{"@type":"ImageObject","inLanguage":"en-US","@id":"https:\/\/iarp.edu.pl\/#\/schema\/logo\/image\/","url":"https:\/\/iarp.edu.pl\/wp-content\/uploads\/2015\/03\/logo_iarp.png","contentUrl":"https:\/\/iarp.edu.pl\/wp-content\/uploads\/2015\/03\/logo_iarp.png","width":500,"height":500,"caption":"Instytut Analiz Rynku Pracy"},"image":{"@id":"https:\/\/iarp.edu.pl\/#\/schema\/logo\/image\/"}}]}},"jetpack_sharing_enabled":true,"jetpack_shortlink":"https:\/\/wp.me\/P672jZ-eY","_links":{"self":[{"href":"https:\/\/iarp.edu.pl\/en\/wp-json\/wp\/v2\/pages\/928\/"}],"collection":[{"href":"https:\/\/iarp.edu.pl\/en\/wp-json\/wp\/v2\/pages\/"}],"about":[{"href":"https:\/\/iarp.edu.pl\/en\/wp-json\/wp\/v2\/types\/page\/"}],"author":[{"embeddable":true,"href":"https:\/\/iarp.edu.pl\/en\/wp-json\/wp\/v2\/users\/2\/"}],"replies":[{"embeddable":true,"href":"https:\/\/iarp.edu.pl\/en\/wp-json\/wp\/v2\/comments\/?post=928"}],"version-history":[{"count":6,"href":"https:\/\/iarp.edu.pl\/en\/wp-json\/wp\/v2\/pages\/928\/revisions\/"}],"predecessor-version":[{"id":1091,"href":"https:\/\/iarp.edu.pl\/en\/wp-json\/wp\/v2\/pages\/928\/revisions\/1091\/"}],"wp:attachment":[{"href":"https:\/\/iarp.edu.pl\/en\/wp-json\/wp\/v2\/media\/?parent=928"}],"curies":[{"name":"wp","href":"https:\/\/api.w.org\/{rel}","templated":true}]}}