{"id":920,"date":"2015-07-09T00:08:50","date_gmt":"2015-07-09T00:08:50","guid":{"rendered":"http:\/\/iarp.edu.pl\/?page_id=920"},"modified":"2018-09-06T10:20:25","modified_gmt":"2018-09-06T10:20:25","slug":"clients","status":"publish","type":"page","link":"https:\/\/iarp.edu.pl\/en\/clients\/","title":{"rendered":"Clients"},"content":{"rendered":"<p><span style=\"color: #004882;\"><strong>Research projects and studies<\/strong><\/span><\/p>\n<ul>\n<li>Polish Agency for Enterprise Development<\/li>\n<li>Ministry of Family, Labour and Social Policy<\/li>\n<li>ICF Consulting Services Ltd.<\/li>\n<li>Grupa Pracuj S.A.<\/li>\n<li>Institute of Educational Dissemination<\/li>\n<\/ul>\n<p style=\"text-align: justify;\"><strong><span style=\"color: #2b4b7e;\">Knowledge of professions &#8211; changes in vocational education system in force since 1st September 2012 <\/span><br \/>\n<\/strong><\/p>\n<ul style=\"text-align: justify;\">\n<li>Poviat Labour Office in\u00a0 \u0141ask<\/li>\n<li>Voivodeship Labour Office in\u00a0 \u0141\u00f3d\u017a<\/li>\n<\/ul>\n<p style=\"text-align: justify;\"><span style=\"color: #2b4b7e;\"><strong>Functioning of Public Employment Services in vocational education and training system and the codification of professions in the light of changes resulting from the regulation of 11th January 2012 on vocational training in non-school forms\u00a0<\/strong><\/span><\/p>\n<ul style=\"text-align: justify;\">\n<li>Poviat Labour Office in Bochnia \u2013 closed training<\/li>\n<li>Poviat Labour Office in Brzesko \u2013 closed training<\/li>\n<\/ul>\n<p style=\"text-align: justify;\"><span style=\"color: #2b4b7e;\"><strong>Vocational activation of persons unemployed\u00a0 45+<\/strong><\/span><\/p>\n<ul style=\"text-align: justify;\">\n<li>Poviat Labour Office in Podd\u0119bice<\/li>\n<\/ul>\n<p style=\"text-align: justify;\"><span style=\"color: #2b4b7e;\"><strong>45+ employees on the labour market &#8211; vocational activation\u00a0<\/strong><\/span><\/p>\n<ul style=\"text-align: justify;\">\n<li>Poviat Labour Office in Brzeziny<\/li>\n<li>Poviat Labour Office in \u0141asu<\/li>\n<li>Poviat Labour Office in Wielu\u0144<\/li>\n<\/ul>\n<p style=\"text-align: justify;\"><span style=\"color: #2b4b7e;\"><strong>Standardisation of labour market services<br \/>\n<\/strong><\/span><\/p>\n<ul style=\"text-align: justify;\">\n<li>Poviat Labour Office in Jelenia G\u00f3ra<\/li>\n<li>Poviat Labour Office in Kutno<\/li>\n<li>Poviat Labour Office in Sierp<\/li>\n<li>Poviat Labour Office in Wo\u0142omin<\/li>\n<\/ul>\n<p style=\"text-align: justify;\"><span style=\"color: #2b4b7e;\"><strong>Experts responsible for receiving HC OP donations\u00a0<\/strong><\/span><\/p>\n<ul style=\"text-align: justify;\">\n<li>Polish Association for Persons with Mental Disabilities<\/li>\n<li><span style=\"color: #000000;\">P<span style=\"color: #333333;\">oviat Labour Office in<\/span><\/span> Pu\u0142awy<\/li>\n<li>Municipal Office in Konin<\/li>\n<\/ul>\n<p style=\"text-align: justify;\"><span style=\"color: #2b4b7e;\"><strong>Monitoring of deficit and surplus professions <br \/>\n<\/strong><\/span><\/p>\n<ul style=\"text-align: justify;\">\n<li>City Labour Office in Olsztyn<\/li>\n<li><span style=\"color: #000000;\">P<span style=\"color: #333333;\">oviat Labour Office for the<\/span><\/span> Western Warsaw Poviat in B\u0142onie<\/li>\n<li><span style=\"color: #000000;\">P<span style=\"color: #333333;\">oviat Labour Office in<\/span><\/span> August\u00f3w<\/li>\n<li><span style=\"color: #000000;\">P<span style=\"color: #333333;\">oviat Labour Office in<\/span><\/span> Gostynin<\/li>\n<li><span style=\"color: #000000;\">P<span style=\"color: #333333;\">oviat Labour Office in<\/span><\/span> Kartuzy<\/li>\n<li><span style=\"color: #000000;\">P<span style=\"color: #333333;\">oviat Labour Office in<\/span><\/span> K\u0119dzierzyn-Ko\u017ale<\/li>\n<li><span style=\"color: #000000;\">P<span style=\"color: #333333;\">oviat Labour Office in<\/span><\/span> Kra\u015bnik<\/li>\n<li><span style=\"color: #000000;\">P<span style=\"color: #333333;\">oviat Labour Office in<\/span><\/span> Krotoszyn<\/li>\n<li><span style=\"color: #000000;\">P<span style=\"color: #333333;\">oviat Labour Office in<\/span><\/span> Le\u017cajsk<\/li>\n<li><span style=\"color: #000000;\">P<span style=\"color: #333333;\">oviat Labour Office in<\/span><\/span> Nowa S\u00f3l<\/li>\n<li><span style=\"color: #000000;\">P<span style=\"color: #333333;\">oviat Labour Office in<\/span><\/span> Nowe Miasto Lubawskie<\/li>\n<li><span style=\"color: #000000;\">P<span style=\"color: #333333;\">oviat Labour Office in<\/span><\/span> P\u0142o\u0144sk<\/li>\n<li><span style=\"color: #000000;\">P<span style=\"color: #333333;\">oviat Labour Office in<\/span><\/span> Pozna\u0144<\/li>\n<li><span style=\"color: #000000;\">P<span style=\"color: #333333;\">oviat Labour Office in<\/span><\/span> Rypin<\/li>\n<li><span style=\"color: #000000;\">P<span style=\"color: #333333;\">oviat Labour Office in<\/span><\/span> Siemiatycze<\/li>\n<li><span style=\"color: #000000;\">P<span style=\"color: #333333;\">oviat Labour Office in<\/span><\/span> Sierpc<\/li>\n<li><span style=\"color: #000000;\">P<span style=\"color: #333333;\">oviat Labour Office in<\/span><\/span> Stalowa Wola<\/li>\n<li><span style=\"color: #000000;\">P<span style=\"color: #333333;\">oviat Labour Office in<\/span><\/span> Tomasz\u00f3w Lubelski<\/li>\n<li><span style=\"color: #000000;\">P<span style=\"color: #333333;\">oviat Labour Office in<\/span><\/span> Trzebnica<\/li>\n<li><span style=\"color: #000000;\">P<span style=\"color: #333333;\">oviat Labour Office in<\/span><\/span> Turek<\/li>\n<li><span style=\"color: #000000;\">P<span style=\"color: #333333;\">oviat Labour Office in<\/span><\/span> \u017bary<\/li>\n<\/ul>\n<p style=\"text-align: justify;\"><span style=\"color: #2b4b7e;\"><strong>Knowledge of professions &#8211; educational and vocational information<br \/>\n<\/strong><\/span><\/p>\n<ul style=\"text-align: justify;\">\n<li><span style=\"color: #333333;\">Poviat Labour Office in Go\u0142dapia<\/span><\/li>\n<li><span style=\"color: #333333;\">Poviat Labour Office in Lesko<\/span><\/li>\n<li><span style=\"color: #333333;\">Poviat Labour Office in Le\u017cajsk<\/span><\/li>\n<li><span style=\"color: #333333;\">Poviat Labour Office in M\u0142awa<\/span><\/li>\n<li><span style=\"color: #333333;\">Poviat Labour Office in Otwock<\/span><\/li>\n<li><span style=\"color: #333333;\">Poviat Labour Office in Piaseczno<\/span><\/li>\n<li><span style=\"color: #333333;\">Poviat Labour Office in P\u0142ock<\/span><\/li>\n<li><span style=\"color: #333333;\">Poviat Labour Office in Stalowa Wola \u2013closed training<\/span><\/li>\n<li><span style=\"color: #333333;\">Poviat Labour Office in Szczytno<\/span><\/li>\n<li><span style=\"color: #333333;\">Poviat Labour Office in \u015awidnik<\/span><\/li>\n<li><span style=\"color: #333333;\">Poviat Labour Office in Zambr\u00f3w<\/span><\/li>\n<li><span style=\"color: #000000;\"><span style=\"color: #333333;\">Voivodeship Labour Office in<\/span><\/span> Gda\u0144sk<\/li>\n<\/ul>\n<p style=\"text-align: justify;\"><span style=\"color: #2b4b7e;\"><strong>Psychological tools in vocational guidance <br \/>\n<\/strong><\/span><\/p>\n<ul style=\"text-align: justify;\">\n<li>\u00a0Leon Ko\u017ami\u0144ski Academy &#8211; Career Office<\/li>\n<li><span style=\"color: #333333;\">Poviat Labour Office in<\/span> Che\u0142m<\/li>\n<li><span style=\"color: #333333;\">Poviat Labour Office in<\/span> Gi\u017cycko<\/li>\n<li><span style=\"color: #333333;\">Poviat Labour Office in<\/span> Jaros\u0142aw<\/li>\n<li><span style=\"color: #333333;\">Poviat Labour Office in<\/span> Legionowo<\/li>\n<li><span style=\"color: #333333;\">Poviat Labour Office in<\/span> \u0141uk\u00f3w<\/li>\n<li><span style=\"color: #333333;\">Poviat Labour Office in<\/span> Mogilno<\/li>\n<li><span style=\"color: #333333;\">Poviat Labour Office in<\/span> Pabianice<\/li>\n<li><span style=\"color: #333333;\">Poviat Labour Office in<\/span> Starogard Gda\u0144ski<\/li>\n<li><span style=\"color: #333333;\">Poviat Labour Office in<\/span> \u015awiebodzin<\/li>\n<li><span style=\"color: #333333;\">Poviat Labour Office in<\/span> Wodzis\u0142aw \u015al\u0105ski<\/li>\n<li><span style=\"color: #333333;\">Poviat Labour Office in<\/span> \u017baga\u0144<\/li>\n<li>City of Warsaw Labour Office<\/li>\n<li>Voivodeship Labour Office in \u0141\u00f3d\u017a<\/li>\n<li>Military University of Technology &#8211; Career Office<\/li>\n<\/ul>\n<p style=\"text-align: justify;\"><span style=\"color: #2b4b7e;\"><strong>Men and women on the labour market\u00a0<\/strong><\/span><\/p>\n<ul style=\"text-align: justify;\">\n<li><span style=\"color: #333333;\">Poviat Labour Office in<\/span> Be\u0142chat\u00f3w<\/li>\n<li><span style=\"color: #333333;\">Poviat Labour Office in<\/span> Nisko<\/li>\n<li><span style=\"color: #333333;\">Poviat Labour Office in<\/span> \u0141asko<\/li>\n<li><span style=\"color: #333333;\">Poviat Labour Office in<\/span> \u0141\u00f3d\u017a<\/li>\n<li><span style=\"color: #333333;\">Poviat Labour Office in<\/span> Podd\u0119bice<\/li>\n<li><span style=\"color: #333333;\">Poviat Labour Office in<\/span> Wolsztyn<\/li>\n<\/ul>\n<p style=\"text-align: justify;\"><span style=\"color: #2b4b7e;\"><strong>Public Procurement for the Labour Market Institutions and Social Welfare Law <br \/>\n<\/strong><\/span><\/p>\n<ul style=\"text-align: justify;\">\n<li><span style=\"color: #333333;\">Poviat Labour Office in<\/span> Bochnia \u2013 closed training<\/li>\n<li><span style=\"color: #333333;\">Poviat Labour Office in<\/span> Brzesko \u2013 closed training<\/li>\n<li><span style=\"color: #333333;\">Poviat Labour Office in<\/span> Czarnk\u00f3w<\/li>\n<li><span style=\"color: #333333;\">Poviat Labour Office in<\/span> Mi\u0119dzych\u00f3d<\/li>\n<li><span style=\"color: #333333;\">Poviat Labour Office in<\/span> Nowy Tomy\u015bl<\/li>\n<\/ul>\n<p style=\"text-align: justify;\"><span style=\"color: #2b4b7e;\"><strong>Classification of Professions and Specialisations <br \/>\n<\/strong><\/span><\/p>\n<ul>\n<li style=\"text-align: justify;\">City Labour Office in\u00a0 P\u0142ock<\/li>\n<li style=\"text-align: justify;\"><span style=\"color: #333333;\">Poviat Labour Office in<\/span> August\u00f3w<\/li>\n<li style=\"text-align: justify;\"><span style=\"color: #333333;\">Poviat Labour Office in<\/span> Bia\u0142ystok<\/li>\n<li style=\"text-align: justify;\"><span style=\"color: #333333;\">Poviat Labour Office in<\/span> Bi\u0142goraj \u2013 closed training<\/li>\n<li style=\"text-align: justify;\"><span style=\"color: #333333;\">Poviat Labour Office in<\/span> Bochnia<\/li>\n<li style=\"text-align: justify;\"><span style=\"color: #333333;\">Poviat Labour Office in<\/span> Boles\u0142awiec<\/li>\n<li style=\"text-align: justify;\"><span style=\"color: #333333;\">Poviat Labour Office in<\/span> Bydgoszcz \u2013 closed training<\/li>\n<li style=\"text-align: justify;\"><span style=\"color: #333333;\">Poviat Labour Office in<\/span> Che\u0142m<\/li>\n<li style=\"text-align: justify;\"><span style=\"color: #333333;\">Poviat Labour Office in<\/span> Chodzie\u017c<\/li>\n<li style=\"text-align: justify;\"><span style=\"color: #333333;\">Poviat Labour Office in<\/span> Chorz\u00f3w<\/li>\n<li style=\"text-align: justify;\"><span style=\"color: #333333;\">Poviat Labour Office in<\/span> Cieszyn<\/li>\n<li style=\"text-align: justify;\"><span style=\"color: #333333;\">Poviat Labour Office in<\/span> Czarnk\u00f3w<\/li>\n<li><span style=\"color: #333333;\">Poviat Labour Office in<\/span> D\u0105browa Tarnowska<\/li>\n<li><span style=\"color: #333333;\">Poviat Labour Office in<\/span> Drawsko Pomorskie<\/li>\n<li><span style=\"color: #333333;\">Poviat Labour Office in<\/span> Gdyna<\/li>\n<li><span style=\"color: #333333;\">Poviat Labour Office in<\/span> Gniezno<\/li>\n<li><span style=\"color: #333333;\">Poviat Labour Office in<\/span> Gostynin<\/li>\n<li style=\"text-align: justify;\"><span style=\"color: #333333;\">Poviat Labour Office in<\/span> Gosty\u0144<\/li>\n<li style=\"text-align: justify;\"><span style=\"color: #333333;\">Poviat Labour Office in<\/span> Grodzisk Wielkopolski<\/li>\n<li style=\"text-align: justify;\"><span style=\"color: #333333;\">Poviat Labour Office in<\/span> I\u0142awa<\/li>\n<li style=\"text-align: justify;\"><span style=\"color: #333333;\">Poviat Labour Office in<\/span> Jarocin<\/li>\n<li style=\"text-align: justify;\"><span style=\"color: #333333;\">Poviat Labour Office in<\/span> Jawor<\/li>\n<li style=\"text-align: justify;\"><span style=\"color: #333333;\">Poviat Labour Office in<\/span> Jelenia G\u00f3ra<\/li>\n<li style=\"text-align: justify;\"><span style=\"color: #333333;\">Poviat Labour Office in<\/span> Kalisz<\/li>\n<li style=\"text-align: justify;\"><span style=\"color: #333333;\">Poviat Labour Office in<\/span> K\u0119pno<\/li>\n<li style=\"text-align: justify;\"><span style=\"color: #333333;\">Poviat Labour Office in<\/span> Ko\u0142o<\/li>\n<li style=\"text-align: justify;\"><span style=\"color: #333333;\">Poviat Labour Office in<\/span> Kolno<\/li>\n<li style=\"text-align: justify;\"><span style=\"color: #333333;\">Poviat Labour Office in<\/span> Konin<\/li>\n<li style=\"text-align: justify;\"><span style=\"color: #333333;\">Poviat Labour Office in<\/span> Konin \u2013 closed training<\/li>\n<li style=\"text-align: justify;\"><span style=\"color: #333333;\">Poviat Labour Office in<\/span> Koszalin\u2013 closed training<\/li>\n<li style=\"text-align: justify;\"><span style=\"color: #333333;\">Poviat Labour Office in<\/span> Ko\u015bcian<\/li>\n<li style=\"text-align: justify;\"><span style=\"color: #333333;\">Poviat Labour Office in<\/span> Krotoszyn<\/li>\n<li style=\"text-align: justify;\"><span style=\"color: #333333;\">Poviat Labour Office in<\/span> Kwidzyn<\/li>\n<li style=\"text-align: justify;\"><span style=\"color: #333333;\">Poviat Labour Office in<\/span> Leszno<\/li>\n<li style=\"text-align: justify;\"><span style=\"color: #333333;\">Poviat Labour Office in<\/span> Lubin \u2013 closed training<\/li>\n<li style=\"text-align: justify;\"><span style=\"color: #333333;\">Poviat Labour Office in<\/span> Mak\u00f3w Mazowiecki<\/li>\n<li style=\"text-align: justify;\"><span style=\"color: #333333;\">Poviat Labour Office in<\/span> Mielec<\/li>\n<li style=\"text-align: justify;\"><span style=\"color: #333333;\">Poviat Labour Office in<\/span> Mi\u0119dzych\u00f3d<\/li>\n<li style=\"text-align: justify;\"><span style=\"color: #333333;\">Poviat Labour Office in<\/span> Mi\u0144sk Mazowiecki<\/li>\n<li style=\"text-align: justify;\"><span style=\"color: #333333;\">Poviat Labour Office in<\/span> M\u0142awa<\/li>\n<li style=\"text-align: justify;\"><span style=\"color: #333333;\">Poviat Labour Office in<\/span> My\u015blenice<\/li>\n<li style=\"text-align: justify;\"><span style=\"color: #333333;\">Poviat Labour Office in<\/span> Nowy S\u0105cz<\/li>\n<li style=\"text-align: justify;\"><span style=\"color: #333333;\">Poviat Labour Office in<\/span> Nowy Tomy\u015bl<\/li>\n<li style=\"text-align: justify;\"><span style=\"color: #333333;\">Poviat Labour Office in<\/span> Oborniki Wielkopolskie<\/li>\n<li style=\"text-align: justify;\"><span style=\"color: #333333;\">Poviat Labour Office in<\/span> Olkusz \u2013 closed training<\/li>\n<li style=\"text-align: justify;\"><span style=\"color: #333333;\">Poviat Labour Office in<\/span> Opole<\/li>\n<li style=\"text-align: justify;\"><span style=\"color: #333333;\">Poviat Labour Office in<\/span> Ostr\u00f3w Wielkopolski<\/li>\n<li style=\"text-align: justify;\"><span style=\"color: #333333;\">Poviat Labour Office in<\/span> Ostrzesz\u00f3w<\/li>\n<li style=\"text-align: justify;\"><span style=\"color: #333333;\">Poviat Labour Office in<\/span> Pi\u0142a<\/li>\n<li style=\"text-align: justify;\"><span style=\"color: #333333;\">Poviat Labour Office in<\/span> Pleszew<\/li>\n<li style=\"text-align: justify;\"><span style=\"color: #333333;\">Poviat Labour Office in<\/span> Pozna\u0144<\/li>\n<li style=\"text-align: justify;\"><span style=\"color: #333333;\">Poviat Labour Office in<\/span> Rawicz<\/li>\n<li style=\"text-align: justify;\"><span style=\"color: #333333;\">Poviat Labour Office in<\/span> Rawa Mazowiecka<\/li>\n<li style=\"text-align: justify;\"><span style=\"color: #333333;\">Poviat Labour Office in<\/span> Sandomierz<\/li>\n<li style=\"text-align: justify;\"><span style=\"color: #333333;\">Poviat Labour Office in<\/span> Sejny \u2013 closed training<\/li>\n<li style=\"text-align: justify;\"><span style=\"color: #333333;\">Poviat Labour Office in<\/span> S\u0142upca<\/li>\n<li style=\"text-align: justify;\"><span style=\"color: #333333;\">Poviat Labour Office in<\/span> Suwa\u0142ki<\/li>\n<li style=\"text-align: justify;\"><span style=\"color: #333333;\">Poviat Labour Office in<\/span> Szamotu\u0142y<\/li>\n<li style=\"text-align: justify;\"><span style=\"color: #333333;\">Poviat Labour Office in<\/span> \u015arem<\/li>\n<li style=\"text-align: justify;\"><span style=\"color: #333333;\">Poviat Labour Office in<\/span> \u015aroda Wielkopolska<\/li>\n<li style=\"text-align: justify;\"><span style=\"color: #333333;\">Poviat Labour Office in<\/span> Tuchola \u2013 closed training<\/li>\n<li style=\"text-align: justify;\"><span style=\"color: #333333;\">Poviat Labour Office in<\/span> Turek<\/li>\n<li style=\"text-align: justify;\"><span style=\"color: #333333;\">Poviat Labour Office in<\/span> W\u0105growiec<\/li>\n<li style=\"text-align: justify;\"><span style=\"color: #333333;\">Poviat Labour Office in<\/span> W\u0119gr\u00f3w<\/li>\n<li style=\"text-align: justify;\"><span style=\"color: #333333;\">Poviat Labour Office in<\/span> W\u0142odawa<\/li>\n<li style=\"text-align: justify;\"><span style=\"color: #333333;\">Poviat Labour Office in<\/span> Wolsztyn<\/li>\n<li style=\"text-align: justify;\"><span style=\"color: #333333;\">Poviat Labour Office in<\/span> Wrze\u015bnia<\/li>\n<li style=\"text-align: justify;\"><span style=\"color: #333333;\">Poviat Labour Office in<\/span> Zabrze \u2013 closed training<\/li>\n<li style=\"text-align: justify;\"><span style=\"color: #333333;\">Poviat Labour Office in<\/span> Zambr\u00f3w<\/li>\n<li style=\"text-align: justify;\"><span style=\"color: #333333;\">Poviat Labour Office in<\/span> Zamo\u015b\u0107 \u2013 closed training<\/li>\n<li style=\"text-align: justify;\"><span style=\"color: #333333;\">Poviat Labour Office in<\/span> Z\u0142ot\u00f3w<\/li>\n<li style=\"text-align: justify;\"><span style=\"color: #333333;\">Poviat Labour Office in<\/span> \u017byrard\u00f3w<\/li>\n<li style=\"text-align: justify;\">City of Warsaw Labour Office<\/li>\n<li style=\"text-align: justify;\">Voivodeship Labour Office in Bia\u0142ystok<\/li>\n<li style=\"text-align: justify;\">Voivodeship Labour Office in Gda\u0144sk<\/li>\n<li style=\"text-align: justify;\">Voivodeship Labour Office in Pozna\u0144 \u2013 closed training<\/li>\n<li style=\"text-align: justify;\">Voivodeship Labour Office in Pozna\u0144 branch in Kalisz<\/li>\n<li style=\"text-align: justify;\">Voivodeship Labour Office in Pozna\u0144 branch in Konin<\/li>\n<li style=\"text-align: justify;\">Voivodeship Labour Office in Pozna\u0144 branch in Leszno<\/li>\n<li style=\"text-align: justify;\">Voivodeship Labour Office in Pozna\u0144 branch in Pi\u0142a<\/li>\n<li style=\"text-align: justify;\">Voivodeship Labour Office in Toru\u0144 \u2013 closed training<\/li>\n<li style=\"text-align: justify;\">Voivodeship Labour Office in Toru\u0144 branch in W\u0142oc\u0142awek<\/li>\n<li style=\"text-align: justify;\">Higher Scholol of Security in Bydgoszcz<\/li>\n<li style=\"text-align: justify;\">Higher School on Environment in Bydgoszcz<\/li>\n<\/ul>\n<p>&nbsp;<\/p>\n","protected":false},"excerpt":{"rendered":"<p>Research projects and studies Polish Agency for Enterprise Development Ministry of Family, Labour and Social Policy ICF Consulting Services Ltd. Grupa Pracuj S.A. Institute of Educational Dissemination Knowledge of professions &#8211; changes in vocational education system in force since 1st September 2012 Poviat Labour Office in\u00a0 \u0141ask Voivodeship Labour Office in\u00a0 \u0141\u00f3d\u017a Functioning of Public [&hellip;]<\/p>\n","protected":false},"author":2,"featured_media":0,"parent":0,"menu_order":0,"comment_status":"open","ping_status":"open","template":"","meta":{"_acf_changed":false,"_monsterinsights_skip_tracking":false,"_monsterinsights_sitenote_active":false,"_monsterinsights_sitenote_note":"","_monsterinsights_sitenote_category":0,"footnotes":""},"class_list":["post-920","page","type-page","status-publish","hentry"],"acf":[],"yoast_head":"<!-- This site is optimized with the Yoast SEO plugin v19.13 - https:\/\/yoast.com\/wordpress\/plugins\/seo\/ -->\n<title>Clients &ndash; Instytut Analiz Rynku Pracy<\/title>\n<meta name=\"robots\" content=\"index, follow, max-snippet:-1, max-image-preview:large, max-video-preview:-1\" \/>\n<link rel=\"canonical\" href=\"https:\/\/iarp.edu.pl\/en\/clients\/\" \/>\n<meta property=\"og:locale\" content=\"en_US\" \/>\n<meta property=\"og:type\" content=\"article\" \/>\n<meta property=\"og:title\" content=\"Clients &ndash; Instytut Analiz Rynku Pracy\" \/>\n<meta property=\"og:description\" content=\"Research projects and studies Polish Agency for Enterprise Development Ministry of Family, Labour and Social Policy ICF Consulting Services Ltd. Grupa Pracuj S.A. Institute of Educational Dissemination Knowledge of professions &#8211; changes in vocational education system in force since 1st September 2012 Poviat Labour Office in\u00a0 \u0141ask Voivodeship Labour Office in\u00a0 \u0141\u00f3d\u017a Functioning of Public [&hellip;]\" \/>\n<meta property=\"og:url\" content=\"https:\/\/iarp.edu.pl\/en\/clients\/\" \/>\n<meta property=\"og:site_name\" content=\"Instytut Analiz Rynku Pracy\" \/>\n<meta property=\"article:modified_time\" content=\"2018-09-06T10:20:25+00:00\" \/>\n<meta name=\"twitter:label1\" content=\"Est. reading time\" \/>\n\t<meta name=\"twitter:data1\" content=\"5 minutes\" \/>\n<script type=\"application\/ld+json\" class=\"yoast-schema-graph\">{\"@context\":\"https:\/\/schema.org\",\"@graph\":[{\"@type\":\"WebPage\",\"@id\":\"https:\/\/iarp.edu.pl\/en\/clients\/\",\"url\":\"https:\/\/iarp.edu.pl\/en\/clients\/\",\"name\":\"Clients &ndash; Instytut Analiz Rynku Pracy\",\"isPartOf\":{\"@id\":\"https:\/\/iarp.edu.pl\/#website\"},\"datePublished\":\"2015-07-09T00:08:50+00:00\",\"dateModified\":\"2018-09-06T10:20:25+00:00\",\"breadcrumb\":{\"@id\":\"https:\/\/iarp.edu.pl\/en\/clients\/#breadcrumb\"},\"inLanguage\":\"en-US\",\"potentialAction\":[{\"@type\":\"ReadAction\",\"target\":[\"https:\/\/iarp.edu.pl\/en\/clients\/\"]}]},{\"@type\":\"BreadcrumbList\",\"@id\":\"https:\/\/iarp.edu.pl\/en\/clients\/#breadcrumb\",\"itemListElement\":[{\"@type\":\"ListItem\",\"position\":1,\"name\":\"Home\",\"item\":\"https:\/\/iarp.edu.pl\/en\/\"},{\"@type\":\"ListItem\",\"position\":2,\"name\":\"Clients\"}]},{\"@type\":\"WebSite\",\"@id\":\"https:\/\/iarp.edu.pl\/#website\",\"url\":\"https:\/\/iarp.edu.pl\/\",\"name\":\"Instytut Analiz Rynku Pracy\",\"description\":\"\",\"publisher\":{\"@id\":\"https:\/\/iarp.edu.pl\/#organization\"},\"potentialAction\":[{\"@type\":\"SearchAction\",\"target\":{\"@type\":\"EntryPoint\",\"urlTemplate\":\"https:\/\/iarp.edu.pl\/?s={search_term_string}\"},\"query-input\":\"required name=search_term_string\"}],\"inLanguage\":\"en-US\"},{\"@type\":\"Organization\",\"@id\":\"https:\/\/iarp.edu.pl\/#organization\",\"name\":\"Instytut Analiz Rynku Pracy\",\"url\":\"https:\/\/iarp.edu.pl\/\",\"logo\":{\"@type\":\"ImageObject\",\"inLanguage\":\"en-US\",\"@id\":\"https:\/\/iarp.edu.pl\/#\/schema\/logo\/image\/\",\"url\":\"https:\/\/iarp.edu.pl\/wp-content\/uploads\/2015\/03\/logo_iarp.png\",\"contentUrl\":\"https:\/\/iarp.edu.pl\/wp-content\/uploads\/2015\/03\/logo_iarp.png\",\"width\":500,\"height\":500,\"caption\":\"Instytut Analiz Rynku Pracy\"},\"image\":{\"@id\":\"https:\/\/iarp.edu.pl\/#\/schema\/logo\/image\/\"}}]}<\/script>\n<!-- \/ Yoast SEO plugin. -->","yoast_head_json":{"title":"Clients &ndash; Instytut Analiz Rynku Pracy","robots":{"index":"index","follow":"follow","max-snippet":"max-snippet:-1","max-image-preview":"max-image-preview:large","max-video-preview":"max-video-preview:-1"},"canonical":"https:\/\/iarp.edu.pl\/en\/clients\/","og_locale":"en_US","og_type":"article","og_title":"Clients &ndash; Instytut Analiz Rynku Pracy","og_description":"Research projects and studies Polish Agency for Enterprise Development Ministry of Family, Labour and Social Policy ICF Consulting Services Ltd. Grupa Pracuj S.A. Institute of Educational Dissemination Knowledge of professions &#8211; changes in vocational education system in force since 1st September 2012 Poviat Labour Office in\u00a0 \u0141ask Voivodeship Labour Office in\u00a0 \u0141\u00f3d\u017a Functioning of Public [&hellip;]","og_url":"https:\/\/iarp.edu.pl\/en\/clients\/","og_site_name":"Instytut Analiz Rynku Pracy","article_modified_time":"2018-09-06T10:20:25+00:00","twitter_misc":{"Est. reading time":"5 minutes"},"schema":{"@context":"https:\/\/schema.org","@graph":[{"@type":"WebPage","@id":"https:\/\/iarp.edu.pl\/en\/clients\/","url":"https:\/\/iarp.edu.pl\/en\/clients\/","name":"Clients &ndash; Instytut Analiz Rynku Pracy","isPartOf":{"@id":"https:\/\/iarp.edu.pl\/#website"},"datePublished":"2015-07-09T00:08:50+00:00","dateModified":"2018-09-06T10:20:25+00:00","breadcrumb":{"@id":"https:\/\/iarp.edu.pl\/en\/clients\/#breadcrumb"},"inLanguage":"en-US","potentialAction":[{"@type":"ReadAction","target":["https:\/\/iarp.edu.pl\/en\/clients\/"]}]},{"@type":"BreadcrumbList","@id":"https:\/\/iarp.edu.pl\/en\/clients\/#breadcrumb","itemListElement":[{"@type":"ListItem","position":1,"name":"Home","item":"https:\/\/iarp.edu.pl\/en\/"},{"@type":"ListItem","position":2,"name":"Clients"}]},{"@type":"WebSite","@id":"https:\/\/iarp.edu.pl\/#website","url":"https:\/\/iarp.edu.pl\/","name":"Instytut Analiz Rynku Pracy","description":"","publisher":{"@id":"https:\/\/iarp.edu.pl\/#organization"},"potentialAction":[{"@type":"SearchAction","target":{"@type":"EntryPoint","urlTemplate":"https:\/\/iarp.edu.pl\/?s={search_term_string}"},"query-input":"required name=search_term_string"}],"inLanguage":"en-US"},{"@type":"Organization","@id":"https:\/\/iarp.edu.pl\/#organization","name":"Instytut Analiz Rynku Pracy","url":"https:\/\/iarp.edu.pl\/","logo":{"@type":"ImageObject","inLanguage":"en-US","@id":"https:\/\/iarp.edu.pl\/#\/schema\/logo\/image\/","url":"https:\/\/iarp.edu.pl\/wp-content\/uploads\/2015\/03\/logo_iarp.png","contentUrl":"https:\/\/iarp.edu.pl\/wp-content\/uploads\/2015\/03\/logo_iarp.png","width":500,"height":500,"caption":"Instytut Analiz Rynku Pracy"},"image":{"@id":"https:\/\/iarp.edu.pl\/#\/schema\/logo\/image\/"}}]}},"jetpack_sharing_enabled":true,"jetpack_shortlink":"https:\/\/wp.me\/P672jZ-eQ","_links":{"self":[{"href":"https:\/\/iarp.edu.pl\/en\/wp-json\/wp\/v2\/pages\/920\/"}],"collection":[{"href":"https:\/\/iarp.edu.pl\/en\/wp-json\/wp\/v2\/pages\/"}],"about":[{"href":"https:\/\/iarp.edu.pl\/en\/wp-json\/wp\/v2\/types\/page\/"}],"author":[{"embeddable":true,"href":"https:\/\/iarp.edu.pl\/en\/wp-json\/wp\/v2\/users\/2\/"}],"replies":[{"embeddable":true,"href":"https:\/\/iarp.edu.pl\/en\/wp-json\/wp\/v2\/comments\/?post=920"}],"version-history":[{"count":4,"href":"https:\/\/iarp.edu.pl\/en\/wp-json\/wp\/v2\/pages\/920\/revisions\/"}],"predecessor-version":[{"id":1691,"href":"https:\/\/iarp.edu.pl\/en\/wp-json\/wp\/v2\/pages\/920\/revisions\/1691\/"}],"wp:attachment":[{"href":"https:\/\/iarp.edu.pl\/en\/wp-json\/wp\/v2\/media\/?parent=920"}],"curies":[{"name":"wp","href":"https:\/\/api.w.org\/{rel}","templated":true}]}}