{"id":918,"date":"2015-07-09T00:07:47","date_gmt":"2015-07-09T00:07:47","guid":{"rendered":"http:\/\/iarp.edu.pl\/?page_id=918"},"modified":"2016-03-17T10:47:44","modified_gmt":"2016-03-17T10:47:44","slug":"what-we-do","status":"publish","type":"page","link":"https:\/\/iarp.edu.pl\/en\/what-we-do\/","title":{"rendered":"What we do"},"content":{"rendered":"<p><span id=\"result_box\" class=\"\" lang=\"en\" tabindex=\"-1\"><span class=\"alt-edited\"><span style=\"color: #004882;\"><strong>Institute for Labour Market Analyses<\/strong><\/span> specializes in providing comprehensive training and consulting solutions for the Public Employment Service employees, public institutions, business and NGOs. Our program proposals focus on strengthening skills needed for particular jobs and creating attitudes that ensure an effective functioning in a professional environment. In addition, we offer a range of services for public administration and business. Apart from training, we offer research services and expertise in following six areas:<\/span><\/span><\/p>\n<ul>\n<li><a title=\"Kapita\u0142 ludzki i\u00a0umiej\u0119tno\u015bci\" href=\"http:\/\/iarp.edu.pl\/obszar\/human-capital-and-skills\/\" target=\"_blank\">Human Capital and Skills<\/a><\/li>\n<li><a title=\"Ewaluacja polityk publicznych\" href=\"http:\/\/iarp.edu.pl\/obszar\/evaluation-of-public-policies\/\" target=\"_blank\">Evaluation of Public Policies<\/a><\/li>\n<li><a title=\"R\u00f3wno\u015b\u0107 i\u00a0r\u00f3\u017cnorodno\u015b\u0107\" href=\"http:\/\/iarp.edu.pl\/obszar\/equality-and-diversity\/\" target=\"_blank\">Equality and Diversity<\/a><\/li>\n<li><a title=\"Doradztwo i\u00a0w\u0142\u0105czenie spo\u0142eczne\" href=\"http:\/\/iarp.edu.pl\/obszar\/advisory-and-social-inclusion\/\" target=\"_blank\">Advisory and Social Inclusion<\/a><\/li>\n<li><a title=\"Kwalifikacje i\u00a0szkolnictwo zawodowe\" href=\"http:\/\/iarp.edu.pl\/obszar\/qualifications-and-vocational-education\/\" target=\"_blank\">Qualifications and Vocational Education<\/a><\/li>\n<li><a title=\"Edukacja i\u00a0uczenie si\u0119 przez ca\u0142e \u017cycie\" href=\"http:\/\/iarp.edu.pl\/obszar\/education-and-lifelong-learning\/\" target=\"_blank\">Education and Lifelong Learning<\/a><\/li>\n<li><a href=\"http:\/\/iarp.edu.pl\/en\/area\/labour-market-analysis\/\">Labour Market Analysis<\/a><\/li>\n<\/ul>\n<div id=\"gt-lang-tgt\">\u00a0<\/div>\n<div class=\"gt-hl-layer\" dir=\"ltr\"><strong><span id=\"result_box\" class=\"\" lang=\"en\" style=\"color: #004882;\" tabindex=\"-1\"><span class=\"hps\">As part of the<\/span> <span class=\"hps\">service<\/span> <span class=\"hps\">IARP<\/span> <span class=\"hps\">is also preparing<\/span> <span class=\"hps\">evaluations of<\/span> <span class=\"hps\">projects financed from<\/span> <span class=\"hps\">the state budget<\/span> <span class=\"hps\">or<\/span> <span class=\"hps\">the European Social Fund<\/span><span class=\"\">,<\/span> <span class=\"hps\">as well as<\/span> <span class=\"hps\">develops and<\/span> <span class=\"hps alt-edited\">conducts researches<\/span> <span class=\"hps\">on<\/span> <span class=\"hps\">the basis of which<\/span> <span class=\"hps\">such projects can<\/span> <span class=\"hps\">be implemented.<\/span><\/span><\/strong><\/div>\n<p>&nbsp;<\/p>\n<p><span id=\"result_box\" class=\"\" lang=\"en\" tabindex=\"-1\"><span class=\"alt-edited\">We invite you you to read the profiles of IARP experts who watch over the quality of knowledge transfer and a list of previous clients.<\/span><\/span><\/p>\n","protected":false},"excerpt":{"rendered":"<p>Institute for Labour Market Analyses specializes in providing comprehensive training and consulting solutions for the Public Employment Service employees, public institutions, business and NGOs. Our program proposals focus on strengthening skills needed for particular jobs and creating attitudes that ensure an effective functioning in a professional environment. In addition, we offer a range of services [&hellip;]<\/p>\n","protected":false},"author":2,"featured_media":0,"parent":0,"menu_order":0,"comment_status":"open","ping_status":"open","template":"","meta":{"_acf_changed":false,"_monsterinsights_skip_tracking":false,"_monsterinsights_sitenote_active":false,"_monsterinsights_sitenote_note":"","_monsterinsights_sitenote_category":0,"footnotes":""},"class_list":["post-918","page","type-page","status-publish","hentry"],"acf":[],"yoast_head":"<!-- This site is optimized with the Yoast SEO plugin v19.13 - https:\/\/yoast.com\/wordpress\/plugins\/seo\/ -->\n<title>What we do &ndash; Instytut Analiz Rynku Pracy<\/title>\n<meta name=\"robots\" content=\"index, follow, max-snippet:-1, max-image-preview:large, max-video-preview:-1\" \/>\n<link rel=\"canonical\" href=\"https:\/\/iarp.edu.pl\/en\/what-we-do\/\" \/>\n<meta property=\"og:locale\" content=\"en_US\" \/>\n<meta property=\"og:type\" content=\"article\" \/>\n<meta property=\"og:title\" content=\"What we do &ndash; Instytut Analiz Rynku Pracy\" \/>\n<meta property=\"og:description\" content=\"Institute for Labour Market Analyses specializes in providing comprehensive training and consulting solutions for the Public Employment Service employees, public institutions, business and NGOs. Our program proposals focus on strengthening skills needed for particular jobs and creating attitudes that ensure an effective functioning in a professional environment. In addition, we offer a range of services [&hellip;]\" \/>\n<meta property=\"og:url\" content=\"https:\/\/iarp.edu.pl\/en\/what-we-do\/\" \/>\n<meta property=\"og:site_name\" content=\"Instytut Analiz Rynku Pracy\" \/>\n<meta property=\"article:modified_time\" content=\"2016-03-17T10:47:44+00:00\" \/>\n<meta name=\"twitter:label1\" content=\"Est. reading time\" \/>\n\t<meta name=\"twitter:data1\" content=\"1 minute\" \/>\n<script type=\"application\/ld+json\" class=\"yoast-schema-graph\">{\"@context\":\"https:\/\/schema.org\",\"@graph\":[{\"@type\":\"WebPage\",\"@id\":\"https:\/\/iarp.edu.pl\/en\/what-we-do\/\",\"url\":\"https:\/\/iarp.edu.pl\/en\/what-we-do\/\",\"name\":\"What we do &ndash; Instytut Analiz Rynku Pracy\",\"isPartOf\":{\"@id\":\"https:\/\/iarp.edu.pl\/#website\"},\"datePublished\":\"2015-07-09T00:07:47+00:00\",\"dateModified\":\"2016-03-17T10:47:44+00:00\",\"breadcrumb\":{\"@id\":\"https:\/\/iarp.edu.pl\/en\/what-we-do\/#breadcrumb\"},\"inLanguage\":\"en-US\",\"potentialAction\":[{\"@type\":\"ReadAction\",\"target\":[\"https:\/\/iarp.edu.pl\/en\/what-we-do\/\"]}]},{\"@type\":\"BreadcrumbList\",\"@id\":\"https:\/\/iarp.edu.pl\/en\/what-we-do\/#breadcrumb\",\"itemListElement\":[{\"@type\":\"ListItem\",\"position\":1,\"name\":\"Home\",\"item\":\"https:\/\/iarp.edu.pl\/en\/\"},{\"@type\":\"ListItem\",\"position\":2,\"name\":\"What we do\"}]},{\"@type\":\"WebSite\",\"@id\":\"https:\/\/iarp.edu.pl\/#website\",\"url\":\"https:\/\/iarp.edu.pl\/\",\"name\":\"Instytut Analiz Rynku Pracy\",\"description\":\"\",\"publisher\":{\"@id\":\"https:\/\/iarp.edu.pl\/#organization\"},\"potentialAction\":[{\"@type\":\"SearchAction\",\"target\":{\"@type\":\"EntryPoint\",\"urlTemplate\":\"https:\/\/iarp.edu.pl\/?s={search_term_string}\"},\"query-input\":\"required name=search_term_string\"}],\"inLanguage\":\"en-US\"},{\"@type\":\"Organization\",\"@id\":\"https:\/\/iarp.edu.pl\/#organization\",\"name\":\"Instytut Analiz Rynku Pracy\",\"url\":\"https:\/\/iarp.edu.pl\/\",\"logo\":{\"@type\":\"ImageObject\",\"inLanguage\":\"en-US\",\"@id\":\"https:\/\/iarp.edu.pl\/#\/schema\/logo\/image\/\",\"url\":\"https:\/\/iarp.edu.pl\/wp-content\/uploads\/2015\/03\/logo_iarp.png\",\"contentUrl\":\"https:\/\/iarp.edu.pl\/wp-content\/uploads\/2015\/03\/logo_iarp.png\",\"width\":500,\"height\":500,\"caption\":\"Instytut Analiz Rynku Pracy\"},\"image\":{\"@id\":\"https:\/\/iarp.edu.pl\/#\/schema\/logo\/image\/\"}}]}<\/script>\n<!-- \/ Yoast SEO plugin. -->","yoast_head_json":{"title":"What we do &ndash; Instytut Analiz Rynku Pracy","robots":{"index":"index","follow":"follow","max-snippet":"max-snippet:-1","max-image-preview":"max-image-preview:large","max-video-preview":"max-video-preview:-1"},"canonical":"https:\/\/iarp.edu.pl\/en\/what-we-do\/","og_locale":"en_US","og_type":"article","og_title":"What we do &ndash; Instytut Analiz Rynku Pracy","og_description":"Institute for Labour Market Analyses specializes in providing comprehensive training and consulting solutions for the Public Employment Service employees, public institutions, business and NGOs. Our program proposals focus on strengthening skills needed for particular jobs and creating attitudes that ensure an effective functioning in a professional environment. In addition, we offer a range of services [&hellip;]","og_url":"https:\/\/iarp.edu.pl\/en\/what-we-do\/","og_site_name":"Instytut Analiz Rynku Pracy","article_modified_time":"2016-03-17T10:47:44+00:00","twitter_misc":{"Est. reading time":"1 minute"},"schema":{"@context":"https:\/\/schema.org","@graph":[{"@type":"WebPage","@id":"https:\/\/iarp.edu.pl\/en\/what-we-do\/","url":"https:\/\/iarp.edu.pl\/en\/what-we-do\/","name":"What we do &ndash; Instytut Analiz Rynku Pracy","isPartOf":{"@id":"https:\/\/iarp.edu.pl\/#website"},"datePublished":"2015-07-09T00:07:47+00:00","dateModified":"2016-03-17T10:47:44+00:00","breadcrumb":{"@id":"https:\/\/iarp.edu.pl\/en\/what-we-do\/#breadcrumb"},"inLanguage":"en-US","potentialAction":[{"@type":"ReadAction","target":["https:\/\/iarp.edu.pl\/en\/what-we-do\/"]}]},{"@type":"BreadcrumbList","@id":"https:\/\/iarp.edu.pl\/en\/what-we-do\/#breadcrumb","itemListElement":[{"@type":"ListItem","position":1,"name":"Home","item":"https:\/\/iarp.edu.pl\/en\/"},{"@type":"ListItem","position":2,"name":"What we do"}]},{"@type":"WebSite","@id":"https:\/\/iarp.edu.pl\/#website","url":"https:\/\/iarp.edu.pl\/","name":"Instytut Analiz Rynku Pracy","description":"","publisher":{"@id":"https:\/\/iarp.edu.pl\/#organization"},"potentialAction":[{"@type":"SearchAction","target":{"@type":"EntryPoint","urlTemplate":"https:\/\/iarp.edu.pl\/?s={search_term_string}"},"query-input":"required name=search_term_string"}],"inLanguage":"en-US"},{"@type":"Organization","@id":"https:\/\/iarp.edu.pl\/#organization","name":"Instytut Analiz Rynku Pracy","url":"https:\/\/iarp.edu.pl\/","logo":{"@type":"ImageObject","inLanguage":"en-US","@id":"https:\/\/iarp.edu.pl\/#\/schema\/logo\/image\/","url":"https:\/\/iarp.edu.pl\/wp-content\/uploads\/2015\/03\/logo_iarp.png","contentUrl":"https:\/\/iarp.edu.pl\/wp-content\/uploads\/2015\/03\/logo_iarp.png","width":500,"height":500,"caption":"Instytut Analiz Rynku Pracy"},"image":{"@id":"https:\/\/iarp.edu.pl\/#\/schema\/logo\/image\/"}}]}},"jetpack_sharing_enabled":true,"jetpack_shortlink":"https:\/\/wp.me\/P672jZ-eO","_links":{"self":[{"href":"https:\/\/iarp.edu.pl\/en\/wp-json\/wp\/v2\/pages\/918\/"}],"collection":[{"href":"https:\/\/iarp.edu.pl\/en\/wp-json\/wp\/v2\/pages\/"}],"about":[{"href":"https:\/\/iarp.edu.pl\/en\/wp-json\/wp\/v2\/types\/page\/"}],"author":[{"embeddable":true,"href":"https:\/\/iarp.edu.pl\/en\/wp-json\/wp\/v2\/users\/2\/"}],"replies":[{"embeddable":true,"href":"https:\/\/iarp.edu.pl\/en\/wp-json\/wp\/v2\/comments\/?post=918"}],"version-history":[{"count":6,"href":"https:\/\/iarp.edu.pl\/en\/wp-json\/wp\/v2\/pages\/918\/revisions\/"}],"predecessor-version":[{"id":1432,"href":"https:\/\/iarp.edu.pl\/en\/wp-json\/wp\/v2\/pages\/918\/revisions\/1432\/"}],"wp:attachment":[{"href":"https:\/\/iarp.edu.pl\/en\/wp-json\/wp\/v2\/media\/?parent=918"}],"curies":[{"name":"wp","href":"https:\/\/api.w.org\/{rel}","templated":true}]}}