{"id":1539,"date":"2016-07-04T08:51:23","date_gmt":"2016-07-04T08:51:23","guid":{"rendered":"http:\/\/iarp.edu.pl\/en\/?page_id=1539"},"modified":"2016-07-04T08:51:23","modified_gmt":"2016-07-04T08:51:23","slug":"mgr-what-how-and-why","status":"publish","type":"page","link":"https:\/\/iarp.edu.pl\/en\/projects\/work-life-balance-its-possible\/mgr-what-how-and-why\/","title":{"rendered":"MGR &#8211; what, how and why?"},"content":{"rendered":"<table>\n<tbody>\n<tr>\n<td width=\"614\">\u00a0<\/td>\n<\/tr>\n<tr>\n<td width=\"614\">\n<p>&nbsp;<\/p>\n<p><span style=\"font-size: 14pt;\"><strong><span style=\"color: #004882;\">Why it is worth to take part?<\/span><\/strong><\/span><\/p>\n<p>&nbsp;<\/p>\n<ul style=\"list-style-type: disc;\">\n<li><strong><em><span style=\"color: #004882;\">Free-of charge and comprehensive counselling <\/span><\/em><\/strong>\u00a0within the framework of the implementation of work-life balance mechanisms (MGR) including:<\/li>\n<\/ul>\n<p>&nbsp;<\/p>\n<ul style=\"list-style-type: circle;\">\n<li><em><span style=\"color: #004882;\">the analysis of needs and demands <\/span><\/em><span style=\"color: #004882;\">concerning<\/span>\u00a0MGR\u00a0in company<\/li>\n<li><em><span style=\"color: #004882;\">list of the most important challenges <\/span><\/em><span style=\"color: #004882;\">for enterprises concerning work-life balance\u00a0<\/span><\/li>\n<li>\u00a0<span style=\"color: #004882;\"><em>a set of optimal and &#8220;tailored&#8221; legal and organisational solutions\u00a0<\/em><span style=\"color: #000000;\">concening MGR, which answer identified challenges\u00a0<\/span><\/span><\/li>\n<li><em><span style=\"color: #004882;\">Road map<\/span><\/em> <span style=\"color: #004882;\"><span style=\"color: #000000;\">of actions related with the implementation of solutions together with the method of their implementation\u00a0<\/span><\/span><\/li>\n<li><em><span style=\"color: #004882;\">access to \u00a0database of knowledge<\/span><\/em> <span style=\"color: #004882;\"><span style=\"color: #000000;\">on\u00a0<\/span><\/span>\u00a0MGR<\/li>\n<\/ul>\n<p>&nbsp;<\/p>\n<ul style=\"list-style-type: disc;\">\n<li><em><span style=\"color: #004882;\">Discout<\/span><\/em> <span style=\"color: #004882;\"><span style=\"color: #000000;\">for participation in Polish Mentoring Association programmes\u00a0<\/span><\/span><em><span style=\"color: #004882;\"><span style=\"color: #000000;\">\u00a0<\/span><\/span><\/em><\/li>\n<li><em><span style=\"color: #004882;\">Participation in the drawing<\/span><\/em> <span style=\"color: #000000;\">of an annual subscription of Forbes magazine\u00a0<\/span><\/li>\n<li><em><span style=\"color: #004882;\">Discount for the services of the Institute for Labour Market Analyses\u00a0<\/span><\/em><\/li>\n<li><em><span style=\"color: #004882;\">Prestige<\/span><\/em> <span style=\"color: #004882;\"><span style=\"color: #000000;\">of participation in a project realised by\u00a0<\/span><\/span>\u00a0MRPiPS<\/li>\n<li>The status of <span style=\"color: #004882;\"><em>donnor<\/em><\/span>\u00a0<\/li>\n<\/ul>\n<\/td>\n<\/tr>\n<tr>\n<td width=\"614\">\n<p>&nbsp;<\/p>\n<p><span style=\"font-size: 14pt; color: #004882;\"><strong>Which companies can participate?<\/strong><\/span><\/p>\n<p>&nbsp;<\/p>\n<ul style=\"list-style-type: disc;\">\n<li>Companies employing 250 pesrons and more, or 50-249persons, or 10-49 persons, or\u00a0up to 9\u00a0persons<\/li>\n<li>companies representing the following sectors: services, industrial and\/ or commercial\u00a0<\/li>\n<li>operating in the following fields: banking, financial and insurance sectors; consupmtion goods; pharmacy and medicine; fuels, energetics, mining; industrial and chemical production; telecommunications, technology, media and entertainment; transport, services, trade\u00a0<\/li>\n<li>with headquarters in one of the following districts: \u00a0warmi\u0144sko-mazurskie, lubelskie, podkarpackie, \u015bl\u0105skie, pomorskie, dolno\u015bl\u0105skie, mazowieckie<\/li>\n<\/ul>\n<\/td>\n<\/tr>\n<tr>\n<td width=\"614\">\n<p>&nbsp;<\/p>\n<p><span style=\"font-size: 14pt; color: #004882;\"><strong>What is it about?<\/strong><\/span><\/p>\n<p>&nbsp;<\/p>\n<ul style=\"list-style-type: disc;\">\n<li><span style=\"color: #004882;\"><em>Contact with an expert<\/em> <span style=\"color: #000000;\">from the contractor responsible for carrying out research in company\u00a0<\/span><\/span><\/li>\n<li><em><span style=\"color: #004882;\">invitation for entrepreneur to take part<\/span><\/em> <span style=\"color: #000000;\">in the research with the explanation of all organisational issues and fixing a convinient date\u00a0<\/span><\/li>\n<li><strong><em><span style=\"color: #004882;\">Cooperation with an expert<\/span><\/em><\/strong> <span style=\"color: #000000;\">from the contractor in order to make an analysis of the situation in the organisation from the perspective of\u00a0<\/span>\u00a0MGR including:<\/li>\n<\/ul>\n<p>&nbsp;<\/p>\n<ul style=\"list-style-type: circle;\">\n<li><em><span style=\"color: #004882;\">analysis of documents and inormation<\/span><\/em> <span style=\"color: #000000;\">provided by the enterprise\u00a0<\/span><\/li>\n<li><em><span style=\"color: #004882;\">interviews<\/span><\/em> <span style=\"color: #004882;\"><span style=\"color: #000000;\">with the owners, representatives of the management, HR specialists via a survey\u00a0<\/span><\/span><\/li>\n<li><span style=\"color: #004882;\"><i>Talks<\/i>\u00a0with owners, representatives of the management, HR specialists\u00a0<\/span><\/li>\n<li><em><span style=\"color: #004882;\">survey<\/span><\/em> <span style=\"color: #004882;\"><span style=\"color: #000000;\">among<\/span><\/span><span style=\"color: #004882;\"><span style=\"color: #000000;\">\u00a0employees of analysed companies with the use of on-line questionnaire\u00a0<\/span><\/span><\/li>\n<li><em><span style=\"color: #004882;\">observation without intervention\u00a0<\/span><\/em><\/li>\n<\/ul>\n<p>&nbsp;<\/p>\n<ul style=\"list-style-type: disc;\">\n<li><em><span style=\"color: #004882;\">workshops<\/span><\/em> <span style=\"color: #004882;\"><span style=\"color: #000000;\">with the representatives of employees and the management\u00a0<\/span><\/span><\/li>\n<li><em><span style=\"color: #004882;\">trainings, counselling and supervision\u00a0<\/span><\/em><\/li>\n<li>development of a <span style=\"color: #004882;\"><em>personalised final report\u00a0<\/em><span style=\"color: #000000;\">on the results of the analysis in the company\u00a0<\/span><\/span><\/li>\n<\/ul>\n<\/td>\n<\/tr>\n<\/tbody>\n<\/table>\n","protected":false},"excerpt":{"rendered":"<p>\u00a0 &nbsp; Why it is worth to take part? &nbsp; Free-of charge and comprehensive counselling \u00a0within the framework of the implementation of work-life balance mechanisms (MGR) including: &nbsp; the analysis of needs and demands concerning\u00a0MGR\u00a0in company list of the most important challenges for enterprises concerning work-life balance\u00a0 \u00a0a set of optimal and &#8220;tailored&#8221; legal and [&hellip;]<\/p>\n","protected":false},"author":3,"featured_media":0,"parent":1534,"menu_order":0,"comment_status":"closed","ping_status":"closed","template":"","meta":{"_acf_changed":false,"_monsterinsights_skip_tracking":false,"_monsterinsights_sitenote_active":false,"_monsterinsights_sitenote_note":"","_monsterinsights_sitenote_category":0,"footnotes":""},"class_list":["post-1539","page","type-page","status-publish","hentry"],"acf":[],"yoast_head":"<!-- This site is optimized with the Yoast SEO plugin v19.13 - https:\/\/yoast.com\/wordpress\/plugins\/seo\/ -->\n<title>MGR - what, how and why? &ndash; Instytut Analiz Rynku Pracy<\/title>\n<meta name=\"robots\" content=\"index, follow, max-snippet:-1, max-image-preview:large, max-video-preview:-1\" \/>\n<link rel=\"canonical\" href=\"https:\/\/iarp.edu.pl\/en\/projects\/work-life-balance-its-possible\/mgr-what-how-and-why\/\" \/>\n<meta property=\"og:locale\" content=\"en_US\" \/>\n<meta property=\"og:type\" content=\"article\" \/>\n<meta property=\"og:title\" content=\"MGR - what, how and why? &ndash; Instytut Analiz Rynku Pracy\" \/>\n<meta property=\"og:description\" content=\"\u00a0 &nbsp; Why it is worth to take part? &nbsp; Free-of charge and comprehensive counselling \u00a0within the framework of the implementation of work-life balance mechanisms (MGR) including: &nbsp; the analysis of needs and demands concerning\u00a0MGR\u00a0in company list of the most important challenges for enterprises concerning work-life balance\u00a0 \u00a0a set of optimal and &#8220;tailored&#8221; legal and [&hellip;]\" \/>\n<meta property=\"og:url\" content=\"https:\/\/iarp.edu.pl\/en\/projects\/work-life-balance-its-possible\/mgr-what-how-and-why\/\" \/>\n<meta property=\"og:site_name\" content=\"Instytut Analiz Rynku Pracy\" \/>\n<meta name=\"twitter:label1\" content=\"Est. reading time\" \/>\n\t<meta name=\"twitter:data1\" content=\"2 minutes\" \/>\n<script type=\"application\/ld+json\" class=\"yoast-schema-graph\">{\"@context\":\"https:\/\/schema.org\",\"@graph\":[{\"@type\":\"WebPage\",\"@id\":\"https:\/\/iarp.edu.pl\/en\/projects\/work-life-balance-its-possible\/mgr-what-how-and-why\/\",\"url\":\"https:\/\/iarp.edu.pl\/en\/projects\/work-life-balance-its-possible\/mgr-what-how-and-why\/\",\"name\":\"MGR - what, how and why? &ndash; Instytut Analiz Rynku Pracy\",\"isPartOf\":{\"@id\":\"https:\/\/iarp.edu.pl\/#website\"},\"datePublished\":\"2016-07-04T08:51:23+00:00\",\"dateModified\":\"2016-07-04T08:51:23+00:00\",\"breadcrumb\":{\"@id\":\"https:\/\/iarp.edu.pl\/en\/projects\/work-life-balance-its-possible\/mgr-what-how-and-why\/#breadcrumb\"},\"inLanguage\":\"en-US\",\"potentialAction\":[{\"@type\":\"ReadAction\",\"target\":[\"https:\/\/iarp.edu.pl\/en\/projects\/work-life-balance-its-possible\/mgr-what-how-and-why\/\"]}]},{\"@type\":\"BreadcrumbList\",\"@id\":\"https:\/\/iarp.edu.pl\/en\/projects\/work-life-balance-its-possible\/mgr-what-how-and-why\/#breadcrumb\",\"itemListElement\":[{\"@type\":\"ListItem\",\"position\":1,\"name\":\"Home\",\"item\":\"https:\/\/iarp.edu.pl\/en\/\"},{\"@type\":\"ListItem\",\"position\":2,\"name\":\"Projects\",\"item\":\"https:\/\/iarp.edu.pl\/en\/projects\/\"},{\"@type\":\"ListItem\",\"position\":3,\"name\":\"Work-life balance? It&#8217;s possible!\",\"item\":\"https:\/\/iarp.edu.pl\/en\/projects\/work-life-balance-its-possible\/\"},{\"@type\":\"ListItem\",\"position\":4,\"name\":\"MGR &#8211; what, how and why?\"}]},{\"@type\":\"WebSite\",\"@id\":\"https:\/\/iarp.edu.pl\/#website\",\"url\":\"https:\/\/iarp.edu.pl\/\",\"name\":\"Instytut Analiz Rynku Pracy\",\"description\":\"\",\"publisher\":{\"@id\":\"https:\/\/iarp.edu.pl\/#organization\"},\"potentialAction\":[{\"@type\":\"SearchAction\",\"target\":{\"@type\":\"EntryPoint\",\"urlTemplate\":\"https:\/\/iarp.edu.pl\/?s={search_term_string}\"},\"query-input\":\"required name=search_term_string\"}],\"inLanguage\":\"en-US\"},{\"@type\":\"Organization\",\"@id\":\"https:\/\/iarp.edu.pl\/#organization\",\"name\":\"Instytut Analiz Rynku Pracy\",\"url\":\"https:\/\/iarp.edu.pl\/\",\"logo\":{\"@type\":\"ImageObject\",\"inLanguage\":\"en-US\",\"@id\":\"https:\/\/iarp.edu.pl\/#\/schema\/logo\/image\/\",\"url\":\"https:\/\/iarp.edu.pl\/wp-content\/uploads\/2015\/03\/logo_iarp.png\",\"contentUrl\":\"https:\/\/iarp.edu.pl\/wp-content\/uploads\/2015\/03\/logo_iarp.png\",\"width\":500,\"height\":500,\"caption\":\"Instytut Analiz Rynku Pracy\"},\"image\":{\"@id\":\"https:\/\/iarp.edu.pl\/#\/schema\/logo\/image\/\"}}]}<\/script>\n<!-- \/ Yoast SEO plugin. -->","yoast_head_json":{"title":"MGR - what, how and why? &ndash; Instytut Analiz Rynku Pracy","robots":{"index":"index","follow":"follow","max-snippet":"max-snippet:-1","max-image-preview":"max-image-preview:large","max-video-preview":"max-video-preview:-1"},"canonical":"https:\/\/iarp.edu.pl\/en\/projects\/work-life-balance-its-possible\/mgr-what-how-and-why\/","og_locale":"en_US","og_type":"article","og_title":"MGR - what, how and why? &ndash; Instytut Analiz Rynku Pracy","og_description":"\u00a0 &nbsp; Why it is worth to take part? &nbsp; Free-of charge and comprehensive counselling \u00a0within the framework of the implementation of work-life balance mechanisms (MGR) including: &nbsp; the analysis of needs and demands concerning\u00a0MGR\u00a0in company list of the most important challenges for enterprises concerning work-life balance\u00a0 \u00a0a set of optimal and &#8220;tailored&#8221; legal and [&hellip;]","og_url":"https:\/\/iarp.edu.pl\/en\/projects\/work-life-balance-its-possible\/mgr-what-how-and-why\/","og_site_name":"Instytut Analiz Rynku Pracy","twitter_misc":{"Est. reading time":"2 minutes"},"schema":{"@context":"https:\/\/schema.org","@graph":[{"@type":"WebPage","@id":"https:\/\/iarp.edu.pl\/en\/projects\/work-life-balance-its-possible\/mgr-what-how-and-why\/","url":"https:\/\/iarp.edu.pl\/en\/projects\/work-life-balance-its-possible\/mgr-what-how-and-why\/","name":"MGR - what, how and why? &ndash; Instytut Analiz Rynku Pracy","isPartOf":{"@id":"https:\/\/iarp.edu.pl\/#website"},"datePublished":"2016-07-04T08:51:23+00:00","dateModified":"2016-07-04T08:51:23+00:00","breadcrumb":{"@id":"https:\/\/iarp.edu.pl\/en\/projects\/work-life-balance-its-possible\/mgr-what-how-and-why\/#breadcrumb"},"inLanguage":"en-US","potentialAction":[{"@type":"ReadAction","target":["https:\/\/iarp.edu.pl\/en\/projects\/work-life-balance-its-possible\/mgr-what-how-and-why\/"]}]},{"@type":"BreadcrumbList","@id":"https:\/\/iarp.edu.pl\/en\/projects\/work-life-balance-its-possible\/mgr-what-how-and-why\/#breadcrumb","itemListElement":[{"@type":"ListItem","position":1,"name":"Home","item":"https:\/\/iarp.edu.pl\/en\/"},{"@type":"ListItem","position":2,"name":"Projects","item":"https:\/\/iarp.edu.pl\/en\/projects\/"},{"@type":"ListItem","position":3,"name":"Work-life balance? It&#8217;s possible!","item":"https:\/\/iarp.edu.pl\/en\/projects\/work-life-balance-its-possible\/"},{"@type":"ListItem","position":4,"name":"MGR &#8211; what, how and why?"}]},{"@type":"WebSite","@id":"https:\/\/iarp.edu.pl\/#website","url":"https:\/\/iarp.edu.pl\/","name":"Instytut Analiz Rynku Pracy","description":"","publisher":{"@id":"https:\/\/iarp.edu.pl\/#organization"},"potentialAction":[{"@type":"SearchAction","target":{"@type":"EntryPoint","urlTemplate":"https:\/\/iarp.edu.pl\/?s={search_term_string}"},"query-input":"required name=search_term_string"}],"inLanguage":"en-US"},{"@type":"Organization","@id":"https:\/\/iarp.edu.pl\/#organization","name":"Instytut Analiz Rynku Pracy","url":"https:\/\/iarp.edu.pl\/","logo":{"@type":"ImageObject","inLanguage":"en-US","@id":"https:\/\/iarp.edu.pl\/#\/schema\/logo\/image\/","url":"https:\/\/iarp.edu.pl\/wp-content\/uploads\/2015\/03\/logo_iarp.png","contentUrl":"https:\/\/iarp.edu.pl\/wp-content\/uploads\/2015\/03\/logo_iarp.png","width":500,"height":500,"caption":"Instytut Analiz Rynku Pracy"},"image":{"@id":"https:\/\/iarp.edu.pl\/#\/schema\/logo\/image\/"}}]}},"jetpack_sharing_enabled":true,"jetpack_shortlink":"https:\/\/wp.me\/P672jZ-oP","_links":{"self":[{"href":"https:\/\/iarp.edu.pl\/en\/wp-json\/wp\/v2\/pages\/1539\/"}],"collection":[{"href":"https:\/\/iarp.edu.pl\/en\/wp-json\/wp\/v2\/pages\/"}],"about":[{"href":"https:\/\/iarp.edu.pl\/en\/wp-json\/wp\/v2\/types\/page\/"}],"author":[{"embeddable":true,"href":"https:\/\/iarp.edu.pl\/en\/wp-json\/wp\/v2\/users\/3\/"}],"replies":[{"embeddable":true,"href":"https:\/\/iarp.edu.pl\/en\/wp-json\/wp\/v2\/comments\/?post=1539"}],"version-history":[{"count":1,"href":"https:\/\/iarp.edu.pl\/en\/wp-json\/wp\/v2\/pages\/1539\/revisions\/"}],"predecessor-version":[{"id":1540,"href":"https:\/\/iarp.edu.pl\/en\/wp-json\/wp\/v2\/pages\/1539\/revisions\/1540\/"}],"up":[{"embeddable":true,"href":"https:\/\/iarp.edu.pl\/en\/wp-json\/wp\/v2\/pages\/1534\/"}],"wp:attachment":[{"href":"https:\/\/iarp.edu.pl\/en\/wp-json\/wp\/v2\/media\/?parent=1539"}],"curies":[{"name":"wp","href":"https:\/\/api.w.org\/{rel}","templated":true}]}}