{"id":1113,"date":"2015-07-06T10:00:04","date_gmt":"2015-07-06T10:00:04","guid":{"rendered":"http:\/\/iarp.edu.pl\/en\/?page_id=1113"},"modified":"2015-07-16T13:26:24","modified_gmt":"2015-07-16T13:26:24","slug":"methodology-of-describing-professions","status":"publish","type":"page","link":"https:\/\/iarp.edu.pl\/en\/projects\/the-classification-of-professions-and-specializations-2015-replenishment\/methodology-of-describing-professions\/","title":{"rendered":"Methodology of describing professions"},"content":{"rendered":"<p><a name=\"spis\"><\/a><em>Text available in Polish<\/em><\/p>\n<h3>\u00a0<\/h3>\n<h3><span style=\"color: #004882;\"><strong>Metodologia opracowania opis\u00f3w zawod\u00f3w<\/strong><\/span><\/h3>\n<ul>\n<li>\n<h4><span style=\"color: #004882;\"><strong><a href=\"#cel\">Cel projektu<\/a><\/strong><\/span><\/h4>\n<\/li>\n<li>\n<h4><span style=\"color: #004882;\"><strong><a href=\"#schemat\">Schemat realizacji projektu<\/a><\/strong><\/span><\/h4>\n<\/li>\n<li>\n<h4><span style=\"color: #004882;\"><strong><a href=\"#oprac\">Opracowanie wst\u0119pnego opisu zawodu \/ specjalno\u015bci<\/a><\/strong><\/span><\/h4>\n<\/li>\n<li>\n<h4><span style=\"color: #004882;\"><strong><a href=\"#weryf\">Weryfikacja wst\u0119pnego opisu zawodu \/ specjalno\u015bci<\/a><\/strong><\/span><\/h4>\n<\/li>\n<li>\n<h4><span style=\"color: #004882;\"><strong><a href=\"#ostat\">Opracowanie ostatecznego opisu zawodu \/specjalno\u015bci<\/a><\/strong><\/span><\/h4>\n<\/li>\n<\/ul>\n<p>&nbsp;<\/p>\n<hr \/>\n<p><a name=\"cel\"><\/a><\/p>\n<p>&nbsp;<\/p>\n<h3><span style=\"color: #004882;\"><strong>Cel projektu<\/strong><\/span><\/h3>\n<p>Celem projektu jest opracowanie opis\u00f3w zawod\u00f3w \/ specjalno\u015bci (w formacie MS Word) do zamieszczenia w <em>Wyszukiwarce opis\u00f3w zawod\u00f3w<\/em>, usytuowanej na portalu publicznych s\u0142u\u017cb zatrudnienia (<a href=\"http:\/\/psz.praca.gov.pl\" target=\"_blank\">psz.praca.gov.pl<\/a>). <u><br \/> <\/u><\/p>\n<p>Odbiorcami projektu s\u0105:<\/p>\n<ul>\n<li>Departament Rynku Pracy Ministerstwa Pracy i Polityki Spo\u0142ecznej;<\/li>\n<li>Publiczne s\u0142u\u017cby zatrudnienia;<\/li>\n<li>G\u0142\u00f3wny Urz\u0105d Statystyczny;<\/li>\n<li>Pozostali u\u017cytkownicy klasyfikacji zawod\u00f3w i specjalno\u015bci.<\/li>\n<\/ul>\n<p>&nbsp;<\/p>\n<p style=\"text-align: right;\"><span style=\"font-size: 10pt; color: #808080;\"><a href=\"#spis\">Wr\u00f3\u0107 do spisu zagadnie\u0144<\/a><\/span><\/p>\n<hr \/>\n<p><a name=\"schemat\"><\/a><\/p>\n<p>&nbsp;<\/p>\n<h3><span style=\"color: #004882;\"><strong>Schemat realizacji projektu<\/strong><\/span><\/h3>\n<p>Projekt maj\u0105cy na celu opracowanie opis\u00f3w zawod\u00f3w i specjalno\u015bci uj\u0119tych w klasyfikacji zawod\u00f3w i specjalno\u015bci wymaga przeprowadzenia bada\u0144 obejmuj\u0105cych r\u00f3\u017cnorodne grupy interesariuszy oraz materia\u0142y zastane, takie jak klasyfikacje, akty prawne oraz inne dokumenty, raporty i opracowania. Proces opracowania opisu zawodu \/ specjalno\u015bci przebiega zgodnie z poni\u017cszym schematem:<\/p>\n<p><a href=\"http:\/\/iarp.edu.pl\/wp-content\/uploads\/2015\/05\/projekty_kzis2015_schemat.jpg\" rel=\"lightbox[1113]\"><img loading=\"lazy\" decoding=\"async\" class=\"aligncenter size-large wp-image-695\" src=\"http:\/\/iarp.edu.pl\/wp-content\/uploads\/2015\/05\/projekty_kzis2015_schemat-800x317.jpg\" alt=\"projekty_kzis2015_schemat\" width=\"800\" height=\"317\" srcset=\"https:\/\/iarp.edu.pl\/wp-content\/uploads\/2015\/05\/projekty_kzis2015_schemat-800x317.jpg 800w, https:\/\/iarp.edu.pl\/wp-content\/uploads\/2015\/05\/projekty_kzis2015_schemat-300x119.jpg 300w, https:\/\/iarp.edu.pl\/wp-content\/uploads\/2015\/05\/projekty_kzis2015_schemat.jpg 932w\" sizes=\"auto, (max-width: 800px) 100vw, 800px\" \/><\/a><\/p>\n<p style=\"text-align: right;\"><span style=\"font-size: 10pt; color: #808080;\"><a href=\"#spis\">Wr\u00f3\u0107 do spisu zagadnie\u0144<\/a><\/span>\u00a0<\/p>\n<hr \/>\n<p><a name=\"oprac\"><\/a><\/p>\n<p>&nbsp;<\/p>\n<h3><span style=\"color: #004882;\"><strong>Opracowanie wst\u0119pnego opisu zawodu \/ specjalno\u015bci<\/strong><\/span><\/h3>\n<p>Gromadzona informacja zawodoznawcza jest podstaw\u0105 opracowania wst\u0119pnych opis\u00f3w zawod\u00f3w \/ specjalno\u015bci. Do tego etapu prac zostan\u0105 przeanalizowane mi\u0119dzy innymi takie \u017ar\u00f3d\u0142a informacji zawodowej jak:<\/p>\n<ul>\n<li>Zg\u0142oszenia nowych zawod\u00f3w i specjalno\u015bci przesy\u0142ane do Departamentu Rynku Pracy MPiPS;<\/li>\n<li>Charakterystyki zawod\u00f3w udost\u0119pniane na r\u00f3\u017cnych stronach internetowych;<\/li>\n<li>Regulacje prawne dotycz\u0105ce opisywanych zawod\u00f3w;<\/li>\n<li>Oferty pracy.<\/li>\n<\/ul>\n<p>&nbsp;<\/p>\n<p>Celem analizy zgromadzonych danych jest strukturyzacja i selekcja informacji zawodoznawczej pod k\u0105tem opracowania poszczeg\u00f3lnych element\u00f3w opisu zawodu \/ specjalno\u015bci:<\/p>\n<ul>\n<li>Kod i nazwa zawodu \/ specjalno\u015bci zgodna z obowi\u0105zuj\u0105c\u0105 KZiS;<\/li>\n<li>Kr\u00f3tki opis uj\u0119ty w 2-3 zdaniach, zawieraj\u0105ca podstawowe informacje o zawodzie \/ specjalno\u015bci;<\/li>\n<li>Lista zada\u0144 zawodowych, wskazuj\u0105cych jakie dzia\u0142ania podejmuje pracownik w danym zawodzie \/ specjalno\u015bci. Liczba zada\u0144 uwzgl\u0119dnionych w opisie b\u0119dzie uzale\u017cniona od z\u0142o\u017cono\u015bci i r\u00f3\u017cnorodno\u015bci wykonywanych w danym zawodzie czynno\u015bci zawodowych;<\/li>\n<li>Dodatkowe zadania zawodowe, kt\u00f3re nie s\u0105 powszechnie wykonywane w danym zawodzie \/ specjalno\u015bci, ale ze wzgl\u0119du na ich specyfik\u0119 mog\u0105 wyst\u0119powa\u0107 tylko w niekt\u00f3rych zak\u0142adach pracy \/ bran\u017cach lub regionach kraju.<\/li>\n<\/ul>\n<p>&nbsp;<\/p>\n<p><span style=\"color: #004882;\"><strong>Wst\u0119pne opisy zawod\u00f3w \/ specjalno\u015bci opracowane na podstawie zebranych informacji zostan\u0105 przygotowane zgodnie z nast\u0119puj\u0105cym przyk\u0142adem:<\/strong><\/span><\/p>\n<p><a href=\"http:\/\/iarp.edu.pl\/wp-content\/uploads\/2015\/05\/projekty_kzis2015_wstopis.jpg\" rel=\"lightbox[1113]\"><img loading=\"lazy\" decoding=\"async\" class=\"aligncenter size-medium wp-image-699\" src=\"http:\/\/iarp.edu.pl\/wp-content\/uploads\/2015\/05\/projekty_kzis2015_wstopis-294x300.jpg\" alt=\"projekty_kzis2015_wstopis\" width=\"294\" height=\"300\" srcset=\"https:\/\/iarp.edu.pl\/wp-content\/uploads\/2015\/05\/projekty_kzis2015_wstopis-294x300.jpg 294w, https:\/\/iarp.edu.pl\/wp-content\/uploads\/2015\/05\/projekty_kzis2015_wstopis.jpg 689w\" sizes=\"auto, (max-width: 294px) 100vw, 294px\" \/><\/a><\/p>\n<p><span style=\"font-size: 10pt;\">\u0179r\u00f3d\u0142a:<\/span><\/p>\n<p><a href=\"http:\/\/www.praca.pl\/poradniki\/lista-stanowisk\/medycyna-opieka-zdrowotna\/lekarz_pr-502.html\" target=\"_blank\"><span style=\"font-size: 10pt;\">Praca.pl [link]<\/span><\/a><\/p>\n<p><span style=\"font-size: 10pt;\">Rozporz\u0105dzenie Ministra Nauki i Szkolnictwa Wy\u017cszego z dnia 2 listopada 2011 r. w sprawie Krajowych Ram Kwalifikacji dla Szkolnictwa Wy\u017cszego (Dz. U. z 2011 r. Nr 253, poz. 1520);<\/span><\/p>\n<p><span style=\"font-size: 10pt;\">Rozporz\u0105dzenie Ministra Nauki i Szkolnictwa Wy\u017cszego z dnia z dnia 9 maja 2012 r. w sprawie standard\u00f3w kszta\u0142cenia dla kierunk\u00f3w studi\u00f3w: lekarskiego, lekarsko-dentystycznego, farmacji, piel\u0119gniarstwa i po\u0142o\u017cnictwa (Dz. U. z 2012 r. poz. 631).<\/span><\/p>\n<p><span style=\"font-size: 10pt;\"><em>Stan na dzie\u0144: 30.09.2014 r.<br \/> <\/em><\/span><\/p>\n<p>&nbsp;<\/p>\n<p style=\"text-align: right;\"><span style=\"font-size: 10pt; color: #808080;\"><a href=\"#spis\">Wr\u00f3\u0107 do spisu zagadnie\u0144<\/a><\/span>\u00a0<\/p>\n<hr \/>\n<p><a name=\"weryf\"><\/a><\/p>\n<p>\u00a0<span style=\"font-size: 10pt;\"> <br \/> <\/span><\/p>\n<h3><span style=\"color: #004882;\"><strong>Weryfikacja wst\u0119pnego opisu zawodu \/ specjalno\u015bci<\/strong><\/span><\/h3>\n<p>&nbsp;<\/p>\n<p>Weryfikacja opis\u00f3w zawod\u00f3w ma na celu skonfrontowanie opis\u00f3w przygotowanych na podstawie \u017ar\u00f3de\u0142 wt\u00f3rnych z wiedz\u0105 eksperck\u0105 przedstawicieli zawod\u00f3w oraz ekspert\u00f3w, znaj\u0105cych specyfik\u0119 zawod\u00f3w i bran\u017c, w kt\u00f3rych te zawody wyst\u0119puj\u0105. Na etapie weryfikacji zostan\u0105 wykorzystane dwie techniki:<\/p>\n<ul>\n<li>Wywiady indywidualne,<\/li>\n<li>Konsultacje.<\/li>\n<\/ul>\n<p>Poszczeg\u00f3lne techniki badawcze b\u0119d\u0105 dobierane indywidualnie do ka\u017cdego przygotowywanego opisu.<\/p>\n<p>&nbsp;<\/p>\n<p style=\"text-align: right;\"><span style=\"font-size: 10pt; color: #808080;\"><a href=\"#spis\">Wr\u00f3\u0107 do spisu zagadnie\u0144<\/a><\/span>\u00a0<\/p>\n<hr \/>\n<p><a name=\"ostat\"><\/a><\/p>\n<p>&nbsp;<\/p>\n<h3><span style=\"color: #004882;\"><strong>Opracowanie ostatecznego opisu zawodu \/ specjalno\u015bci<\/strong><\/span><\/h3>\n<p>Ostateczne opisy zawod\u00f3w \/ specjalno\u015bci zostan\u0105 zredagowane pod k\u0105tem j\u0119zykowym i stylistycznym. Ma to na celu ujednolicenie formy edycyjnej opis\u00f3w, kt\u00f3re maj\u0105 by\u0107 zamieszczone na publicznie dost\u0119pnej stronie internetowej. Redakcja b\u0119dzie te\u017c obejmowa\u0107 zagadnienie zrozumia\u0142o\u015bci poszczeg\u00f3lnych zapis\u00f3w przez osoby, kt\u00f3re nie s\u0105 przedstawicielami zadanych zawod\u00f3w i nie posiadaj\u0105 wiedzy zawodoznawczej dotycz\u0105cej opisywanych zawod\u00f3w \/ specjalno\u015bci.<\/p>\n<p>&nbsp;<\/p>\n<p><span style=\"color: #004882;\"><strong>Poni\u017cej zamieszczamy przyk\u0142ad ostatecznej formy opisu zawodu przygotowanej z wykorzystaniem opisanej procedury opracowania opisu zawodu \/ specjalno\u015bci:<\/strong><\/span><\/p>\n<p><a href=\"http:\/\/iarp.edu.pl\/wp-content\/uploads\/2015\/05\/projekty_kzis2015_weropis.jpg\" rel=\"lightbox[1113]\"><img loading=\"lazy\" decoding=\"async\" class=\"aligncenter size-medium wp-image-701\" src=\"http:\/\/iarp.edu.pl\/wp-content\/uploads\/2015\/05\/projekty_kzis2015_weropis-269x300.jpg\" alt=\"projekty_kzis2015_weropis\" width=\"269\" height=\"300\" srcset=\"https:\/\/iarp.edu.pl\/wp-content\/uploads\/2015\/05\/projekty_kzis2015_weropis-269x300.jpg 269w, https:\/\/iarp.edu.pl\/wp-content\/uploads\/2015\/05\/projekty_kzis2015_weropis.jpg 689w\" sizes=\"auto, (max-width: 269px) 100vw, 269px\" \/><\/a><\/p>\n<p>&nbsp;<\/p>\n<p style=\"text-align: right;\"><span style=\"font-size: 10pt; color: #808080;\"><a href=\"#spis\">Wr\u00f3\u0107 do spisu zagadnie\u0144<\/a><\/span><\/p>\n","protected":false},"excerpt":{"rendered":"<p>Text available in Polish \u00a0 Metodologia opracowania opis\u00f3w zawod\u00f3w Cel projektu Schemat realizacji projektu Opracowanie wst\u0119pnego opisu zawodu \/ specjalno\u015bci Weryfikacja wst\u0119pnego opisu zawodu \/ specjalno\u015bci Opracowanie ostatecznego opisu zawodu \/specjalno\u015bci &nbsp; &nbsp; Cel projektu Celem projektu jest opracowanie opis\u00f3w zawod\u00f3w \/ specjalno\u015bci (w formacie MS Word) do zamieszczenia w Wyszukiwarce opis\u00f3w zawod\u00f3w, usytuowanej na [&hellip;]<\/p>\n","protected":false},"author":2,"featured_media":0,"parent":1100,"menu_order":0,"comment_status":"closed","ping_status":"closed","template":"","meta":{"_acf_changed":false,"_monsterinsights_skip_tracking":false,"_monsterinsights_sitenote_active":false,"_monsterinsights_sitenote_note":"","_monsterinsights_sitenote_category":0,"footnotes":""},"class_list":["post-1113","page","type-page","status-publish","hentry"],"acf":[],"yoast_head":"<!-- This site is optimized with the Yoast SEO plugin v19.13 - https:\/\/yoast.com\/wordpress\/plugins\/seo\/ -->\n<title>Methodology of describing professions &ndash; Instytut Analiz Rynku Pracy<\/title>\n<meta name=\"robots\" content=\"index, follow, max-snippet:-1, max-image-preview:large, max-video-preview:-1\" \/>\n<link rel=\"canonical\" href=\"https:\/\/iarp.edu.pl\/en\/projects\/the-classification-of-professions-and-specializations-2015-replenishment\/methodology-of-describing-professions\/\" \/>\n<meta property=\"og:locale\" content=\"en_US\" \/>\n<meta property=\"og:type\" content=\"article\" \/>\n<meta property=\"og:title\" content=\"Methodology of describing professions &ndash; Instytut Analiz Rynku Pracy\" \/>\n<meta property=\"og:description\" content=\"Text available in Polish \u00a0 Metodologia opracowania opis\u00f3w zawod\u00f3w Cel projektu Schemat realizacji projektu Opracowanie wst\u0119pnego opisu zawodu \/ specjalno\u015bci Weryfikacja wst\u0119pnego opisu zawodu \/ specjalno\u015bci Opracowanie ostatecznego opisu zawodu \/specjalno\u015bci &nbsp; &nbsp; Cel projektu Celem projektu jest opracowanie opis\u00f3w zawod\u00f3w \/ specjalno\u015bci (w formacie MS Word) do zamieszczenia w Wyszukiwarce opis\u00f3w zawod\u00f3w, usytuowanej na [&hellip;]\" \/>\n<meta property=\"og:url\" content=\"https:\/\/iarp.edu.pl\/en\/projects\/the-classification-of-professions-and-specializations-2015-replenishment\/methodology-of-describing-professions\/\" \/>\n<meta property=\"og:site_name\" content=\"Instytut Analiz Rynku Pracy\" \/>\n<meta property=\"article:modified_time\" content=\"2015-07-16T13:26:24+00:00\" \/>\n<meta property=\"og:image\" content=\"http:\/\/iarp.edu.pl\/wp-content\/uploads\/2015\/05\/projekty_kzis2015_schemat-800x317.jpg\" \/>\n<meta name=\"twitter:label1\" content=\"Est. reading time\" \/>\n\t<meta name=\"twitter:data1\" content=\"3 minutes\" \/>\n<script type=\"application\/ld+json\" class=\"yoast-schema-graph\">{\"@context\":\"https:\/\/schema.org\",\"@graph\":[{\"@type\":\"WebPage\",\"@id\":\"https:\/\/iarp.edu.pl\/en\/projects\/the-classification-of-professions-and-specializations-2015-replenishment\/methodology-of-describing-professions\/\",\"url\":\"https:\/\/iarp.edu.pl\/en\/projects\/the-classification-of-professions-and-specializations-2015-replenishment\/methodology-of-describing-professions\/\",\"name\":\"Methodology of describing professions &ndash; Instytut Analiz Rynku Pracy\",\"isPartOf\":{\"@id\":\"https:\/\/iarp.edu.pl\/#website\"},\"datePublished\":\"2015-07-06T10:00:04+00:00\",\"dateModified\":\"2015-07-16T13:26:24+00:00\",\"breadcrumb\":{\"@id\":\"https:\/\/iarp.edu.pl\/en\/projects\/the-classification-of-professions-and-specializations-2015-replenishment\/methodology-of-describing-professions\/#breadcrumb\"},\"inLanguage\":\"en-US\",\"potentialAction\":[{\"@type\":\"ReadAction\",\"target\":[\"https:\/\/iarp.edu.pl\/en\/projects\/the-classification-of-professions-and-specializations-2015-replenishment\/methodology-of-describing-professions\/\"]}]},{\"@type\":\"BreadcrumbList\",\"@id\":\"https:\/\/iarp.edu.pl\/en\/projects\/the-classification-of-professions-and-specializations-2015-replenishment\/methodology-of-describing-professions\/#breadcrumb\",\"itemListElement\":[{\"@type\":\"ListItem\",\"position\":1,\"name\":\"Home\",\"item\":\"https:\/\/iarp.edu.pl\/en\/\"},{\"@type\":\"ListItem\",\"position\":2,\"name\":\"Projects\",\"item\":\"https:\/\/iarp.edu.pl\/en\/projects\/\"},{\"@type\":\"ListItem\",\"position\":3,\"name\":\"The classification of professions and specializations 2015 &#8211; replenishment\",\"item\":\"https:\/\/iarp.edu.pl\/en\/projects\/the-classification-of-professions-and-specializations-2015-replenishment\/\"},{\"@type\":\"ListItem\",\"position\":4,\"name\":\"Methodology of describing professions\"}]},{\"@type\":\"WebSite\",\"@id\":\"https:\/\/iarp.edu.pl\/#website\",\"url\":\"https:\/\/iarp.edu.pl\/\",\"name\":\"Instytut Analiz Rynku Pracy\",\"description\":\"\",\"publisher\":{\"@id\":\"https:\/\/iarp.edu.pl\/#organization\"},\"potentialAction\":[{\"@type\":\"SearchAction\",\"target\":{\"@type\":\"EntryPoint\",\"urlTemplate\":\"https:\/\/iarp.edu.pl\/?s={search_term_string}\"},\"query-input\":\"required name=search_term_string\"}],\"inLanguage\":\"en-US\"},{\"@type\":\"Organization\",\"@id\":\"https:\/\/iarp.edu.pl\/#organization\",\"name\":\"Instytut Analiz Rynku Pracy\",\"url\":\"https:\/\/iarp.edu.pl\/\",\"logo\":{\"@type\":\"ImageObject\",\"inLanguage\":\"en-US\",\"@id\":\"https:\/\/iarp.edu.pl\/#\/schema\/logo\/image\/\",\"url\":\"https:\/\/iarp.edu.pl\/wp-content\/uploads\/2015\/03\/logo_iarp.png\",\"contentUrl\":\"https:\/\/iarp.edu.pl\/wp-content\/uploads\/2015\/03\/logo_iarp.png\",\"width\":500,\"height\":500,\"caption\":\"Instytut Analiz Rynku Pracy\"},\"image\":{\"@id\":\"https:\/\/iarp.edu.pl\/#\/schema\/logo\/image\/\"}}]}<\/script>\n<!-- \/ Yoast SEO plugin. -->","yoast_head_json":{"title":"Methodology of describing professions &ndash; Instytut Analiz Rynku Pracy","robots":{"index":"index","follow":"follow","max-snippet":"max-snippet:-1","max-image-preview":"max-image-preview:large","max-video-preview":"max-video-preview:-1"},"canonical":"https:\/\/iarp.edu.pl\/en\/projects\/the-classification-of-professions-and-specializations-2015-replenishment\/methodology-of-describing-professions\/","og_locale":"en_US","og_type":"article","og_title":"Methodology of describing professions &ndash; Instytut Analiz Rynku Pracy","og_description":"Text available in Polish \u00a0 Metodologia opracowania opis\u00f3w zawod\u00f3w Cel projektu Schemat realizacji projektu Opracowanie wst\u0119pnego opisu zawodu \/ specjalno\u015bci Weryfikacja wst\u0119pnego opisu zawodu \/ specjalno\u015bci Opracowanie ostatecznego opisu zawodu \/specjalno\u015bci &nbsp; &nbsp; Cel projektu Celem projektu jest opracowanie opis\u00f3w zawod\u00f3w \/ specjalno\u015bci (w formacie MS Word) do zamieszczenia w Wyszukiwarce opis\u00f3w zawod\u00f3w, usytuowanej na [&hellip;]","og_url":"https:\/\/iarp.edu.pl\/en\/projects\/the-classification-of-professions-and-specializations-2015-replenishment\/methodology-of-describing-professions\/","og_site_name":"Instytut Analiz Rynku Pracy","article_modified_time":"2015-07-16T13:26:24+00:00","og_image":[{"url":"http:\/\/iarp.edu.pl\/wp-content\/uploads\/2015\/05\/projekty_kzis2015_schemat-800x317.jpg"}],"twitter_misc":{"Est. reading time":"3 minutes"},"schema":{"@context":"https:\/\/schema.org","@graph":[{"@type":"WebPage","@id":"https:\/\/iarp.edu.pl\/en\/projects\/the-classification-of-professions-and-specializations-2015-replenishment\/methodology-of-describing-professions\/","url":"https:\/\/iarp.edu.pl\/en\/projects\/the-classification-of-professions-and-specializations-2015-replenishment\/methodology-of-describing-professions\/","name":"Methodology of describing professions &ndash; Instytut Analiz Rynku Pracy","isPartOf":{"@id":"https:\/\/iarp.edu.pl\/#website"},"datePublished":"2015-07-06T10:00:04+00:00","dateModified":"2015-07-16T13:26:24+00:00","breadcrumb":{"@id":"https:\/\/iarp.edu.pl\/en\/projects\/the-classification-of-professions-and-specializations-2015-replenishment\/methodology-of-describing-professions\/#breadcrumb"},"inLanguage":"en-US","potentialAction":[{"@type":"ReadAction","target":["https:\/\/iarp.edu.pl\/en\/projects\/the-classification-of-professions-and-specializations-2015-replenishment\/methodology-of-describing-professions\/"]}]},{"@type":"BreadcrumbList","@id":"https:\/\/iarp.edu.pl\/en\/projects\/the-classification-of-professions-and-specializations-2015-replenishment\/methodology-of-describing-professions\/#breadcrumb","itemListElement":[{"@type":"ListItem","position":1,"name":"Home","item":"https:\/\/iarp.edu.pl\/en\/"},{"@type":"ListItem","position":2,"name":"Projects","item":"https:\/\/iarp.edu.pl\/en\/projects\/"},{"@type":"ListItem","position":3,"name":"The classification of professions and specializations 2015 &#8211; replenishment","item":"https:\/\/iarp.edu.pl\/en\/projects\/the-classification-of-professions-and-specializations-2015-replenishment\/"},{"@type":"ListItem","position":4,"name":"Methodology of describing professions"}]},{"@type":"WebSite","@id":"https:\/\/iarp.edu.pl\/#website","url":"https:\/\/iarp.edu.pl\/","name":"Instytut Analiz Rynku Pracy","description":"","publisher":{"@id":"https:\/\/iarp.edu.pl\/#organization"},"potentialAction":[{"@type":"SearchAction","target":{"@type":"EntryPoint","urlTemplate":"https:\/\/iarp.edu.pl\/?s={search_term_string}"},"query-input":"required name=search_term_string"}],"inLanguage":"en-US"},{"@type":"Organization","@id":"https:\/\/iarp.edu.pl\/#organization","name":"Instytut Analiz Rynku Pracy","url":"https:\/\/iarp.edu.pl\/","logo":{"@type":"ImageObject","inLanguage":"en-US","@id":"https:\/\/iarp.edu.pl\/#\/schema\/logo\/image\/","url":"https:\/\/iarp.edu.pl\/wp-content\/uploads\/2015\/03\/logo_iarp.png","contentUrl":"https:\/\/iarp.edu.pl\/wp-content\/uploads\/2015\/03\/logo_iarp.png","width":500,"height":500,"caption":"Instytut Analiz Rynku Pracy"},"image":{"@id":"https:\/\/iarp.edu.pl\/#\/schema\/logo\/image\/"}}]}},"jetpack_sharing_enabled":true,"jetpack_shortlink":"https:\/\/wp.me\/P672jZ-hX","_links":{"self":[{"href":"https:\/\/iarp.edu.pl\/en\/wp-json\/wp\/v2\/pages\/1113\/"}],"collection":[{"href":"https:\/\/iarp.edu.pl\/en\/wp-json\/wp\/v2\/pages\/"}],"about":[{"href":"https:\/\/iarp.edu.pl\/en\/wp-json\/wp\/v2\/types\/page\/"}],"author":[{"embeddable":true,"href":"https:\/\/iarp.edu.pl\/en\/wp-json\/wp\/v2\/users\/2\/"}],"replies":[{"embeddable":true,"href":"https:\/\/iarp.edu.pl\/en\/wp-json\/wp\/v2\/comments\/?post=1113"}],"version-history":[{"count":1,"href":"https:\/\/iarp.edu.pl\/en\/wp-json\/wp\/v2\/pages\/1113\/revisions\/"}],"predecessor-version":[{"id":1114,"href":"https:\/\/iarp.edu.pl\/en\/wp-json\/wp\/v2\/pages\/1113\/revisions\/1114\/"}],"up":[{"embeddable":true,"href":"https:\/\/iarp.edu.pl\/en\/wp-json\/wp\/v2\/pages\/1100\/"}],"wp:attachment":[{"href":"https:\/\/iarp.edu.pl\/en\/wp-json\/wp\/v2\/media\/?parent=1113"}],"curies":[{"name":"wp","href":"https:\/\/api.w.org\/{rel}","templated":true}]}}